{"id":14,"date":"2025-05-15T13:03:16","date_gmt":"2025-05-15T11:03:16","guid":{"rendered":"https:\/\/minocha.fr\/?page_id=14"},"modified":"2025-09-24T13:14:44","modified_gmt":"2025-09-24T11:14:44","slug":"personnages","status":"publish","type":"page","link":"https:\/\/www.minocha.fr\/index.php\/personnages\/","title":{"rendered":"PERSONNAGES"},"content":{"rendered":"\t\t<div data-elementor-type=\"wp-page\" data-elementor-id=\"14\" class=\"elementor elementor-14\" data-elementor-post-type=\"page\">\n\t\t\t\t<div class=\"elementor-element elementor-element-63f2423 e-flex e-con-boxed e-con e-parent\" data-id=\"63f2423\" data-element_type=\"container\" data-e-type=\"container\" data-settings=\"{&quot;background_background&quot;:&quot;classic&quot;}\">\n\t\t\t\t\t<div class=\"e-con-inner\">\n\t\t\t\t<div class=\"elementor-element elementor-element-167d3e0 elementor-widget elementor-widget-heading\" data-id=\"167d3e0\" data-element_type=\"widget\" data-e-type=\"widget\" data-widget_type=\"heading.default\">\n\t\t\t\t<div class=\"elementor-widget-container\">\n\t\t\t\t\t<h2 class=\"elementor-heading-title elementor-size-default\">LES VISAGES DE L'AVENTURE<\/h2>\t\t\t\t<\/div>\n\t\t\t\t<\/div>\n\t\t\t\t<div class=\"elementor-element elementor-element-ba75ec4 elementor-widget elementor-widget-text-editor\" data-id=\"ba75ec4\" data-element_type=\"widget\" data-e-type=\"widget\" data-widget_type=\"text-editor.default\">\n\t\t\t\t<div class=\"elementor-widget-container\">\n\t\t\t\t\t\t\t\t\t<p>Et si chaque lettre n\u2019\u00e9tait que la surface d\u2019un monde plus vaste\u2026 ?<\/p><p>Au c\u0153ur des Lettres Minocha, <b>il y a trois s\u0153urs<\/b>.<br \/>Trois voix. Trois r\u00e9cits. Trois routes entrem\u00eal\u00e9es.<\/p><p>Chacune est guid\u00e9e \u2014 ou troubl\u00e9e \u2014 par ceux qui croisent sa qu\u00eate.<br \/>Un assistant discret, une intelligence artificielle vive, un \u00e9quipage improbable, un majordome trop curieux, une tante qu\u2019on croyait conna\u00eetre&#8230;<\/p><p>Ici, vous pouvez explorer leurs cercles, d\u00e9couvrir leurs compagnons, et choisir o\u00f9 porter votre curiosit\u00e9.<\/p>\t\t\t\t\t\t\t\t<\/div>\n\t\t\t\t<\/div>\n\t\t\t\t\t<\/div>\n\t\t\t\t<\/div>\n\t\t<div class=\"elementor-element elementor-element-8231b24 e-flex e-con-boxed e-con e-parent\" data-id=\"8231b24\" data-element_type=\"container\" data-e-type=\"container\" data-settings=\"{&quot;background_background&quot;:&quot;classic&quot;}\">\n\t\t\t\t\t<div class=\"e-con-inner\">\n\t\t<div class=\"elementor-element elementor-element-133b663 e-con-full e-flex e-con e-child\" data-id=\"133b663\" data-element_type=\"container\" data-e-type=\"container\">\n\t\t<div class=\"elementor-element elementor-element-5309a7d e-con-full e-flex e-con e-child\" data-id=\"5309a7d\" data-element_type=\"container\" data-e-type=\"container\">\n\t\t\t\t<div class=\"elementor-element elementor-element-9ae9806 elementor-widget elementor-widget-image\" data-id=\"9ae9806\" data-element_type=\"widget\" data-e-type=\"widget\" data-widget_type=\"image.default\">\n\t\t\t\t<div class=\"elementor-widget-container\">\n\t\t\t\t\t\t\t\t\t\t\t\t\t\t\t<img fetchpriority=\"high\" decoding=\"async\" width=\"715\" height=\"1024\" src=\"https:\/\/www.minocha.fr\/wp-content\/uploads\/2025\/08\/ATHENA-715x1024.png\" class=\"attachment-large size-large wp-image-1024\" alt=\"Illustration d\u2019Ath\u00e9na Minocha, naturaliste m\u00e9tisse aux cheveux violet\" srcset=\"https:\/\/www.minocha.fr\/wp-content\/uploads\/2025\/08\/ATHENA-715x1024.png 715w, https:\/\/www.minocha.fr\/wp-content\/uploads\/2025\/08\/ATHENA-700x1002.png 700w, https:\/\/www.minocha.fr\/wp-content\/uploads\/2025\/08\/ATHENA-210x300.png 210w, https:\/\/www.minocha.fr\/wp-content\/uploads\/2025\/08\/ATHENA-768x1100.png 768w, https:\/\/www.minocha.fr\/wp-content\/uploads\/2025\/08\/ATHENA-1073x1536.png 1073w, https:\/\/www.minocha.fr\/wp-content\/uploads\/2025\/08\/ATHENA-1431x2048.png 1431w, https:\/\/www.minocha.fr\/wp-content\/uploads\/2025\/08\/ATHENA-1320x1890.png 1320w, https:\/\/www.minocha.fr\/wp-content\/uploads\/2025\/08\/ATHENA.png 1668w\" sizes=\"(max-width: 715px) 100vw, 715px\" \/>\t\t\t\t\t\t\t\t\t\t\t\t\t\t\t<\/div>\n\t\t\t\t<\/div>\n\t\t\t\t<div class=\"elementor-element elementor-element-72efff5 elementor-widget elementor-widget-heading\" data-id=\"72efff5\" data-element_type=\"widget\" data-e-type=\"widget\" data-widget_type=\"heading.default\">\n\t\t\t\t<div class=\"elementor-widget-container\">\n\t\t\t\t\t<h2 class=\"elementor-heading-title elementor-size-default\">Ath\u00e9na &amp; ses acolytes<\/h2>\t\t\t\t<\/div>\n\t\t\t\t<\/div>\n\t\t\t\t<div class=\"elementor-element elementor-element-65cedb2 elementor-widget elementor-widget-text-editor\" data-id=\"65cedb2\" data-element_type=\"widget\" data-e-type=\"widget\" data-widget_type=\"text-editor.default\">\n\t\t\t\t<div class=\"elementor-widget-container\">\n\t\t\t\t\t\t\t\t\t<p>Ses deux assistants, Octave, l\u2019observateur d\u00e9licat &amp; Marius, l\u2019intrus charmant<\/p>\t\t\t\t\t\t\t\t<\/div>\n\t\t\t\t<\/div>\n\t\t\t\t<div class=\"elementor-element elementor-element-c29def0 elementor-align-center elementor-widget elementor-widget-button\" data-id=\"c29def0\" data-element_type=\"widget\" data-e-type=\"widget\" data-widget_type=\"button.default\">\n\t\t\t\t<div class=\"elementor-widget-container\">\n\t\t\t\t\t\t\t\t\t<div class=\"elementor-button-wrapper\">\n\t\t\t\t\t<a class=\"elementor-button elementor-button-link elementor-size-sm\" href=\"https:\/\/minocha.fr\/index.php\/athena-minocha\/\">\n\t\t\t\t\t\t<span class=\"elementor-button-content-wrapper\">\n\t\t\t\t\t\t\t\t\t<span class=\"elementor-button-text\">Visitez le cottage l\u2019Herbier <\/span>\n\t\t\t\t\t<\/span>\n\t\t\t\t\t<\/a>\n\t\t\t\t<\/div>\n\t\t\t\t\t\t\t\t<\/div>\n\t\t\t\t<\/div>\n\t\t\t\t<\/div>\n\t\t\t\t<\/div>\n\t\t<div class=\"elementor-element elementor-element-55b3e24 e-con-full e-flex e-con e-child\" data-id=\"55b3e24\" data-element_type=\"container\" data-e-type=\"container\">\n\t\t<div class=\"elementor-element elementor-element-6711f67 e-con-full e-flex e-con e-child\" data-id=\"6711f67\" data-element_type=\"container\" data-e-type=\"container\">\n\t\t\t\t<div class=\"elementor-element elementor-element-054f01d elementor-widget elementor-widget-image\" data-id=\"054f01d\" data-element_type=\"widget\" data-e-type=\"widget\" data-widget_type=\"image.default\">\n\t\t\t\t<div class=\"elementor-widget-container\">\n\t\t\t\t\t\t\t\t\t\t\t\t\t\t\t<img decoding=\"async\" width=\"715\" height=\"1024\" src=\"https:\/\/www.minocha.fr\/wp-content\/uploads\/2025\/08\/CIRCEE-715x1024.png\" class=\"attachment-large size-large wp-image-1026\" alt=\"Illustration de Circ\u00e9e Minocha, exploratrice aux cheveux courts roses et veste de cuir\" srcset=\"https:\/\/www.minocha.fr\/wp-content\/uploads\/2025\/08\/CIRCEE-715x1024.png 715w, https:\/\/www.minocha.fr\/wp-content\/uploads\/2025\/08\/CIRCEE-700x1002.png 700w, https:\/\/www.minocha.fr\/wp-content\/uploads\/2025\/08\/CIRCEE-210x300.png 210w, https:\/\/www.minocha.fr\/wp-content\/uploads\/2025\/08\/CIRCEE-768x1100.png 768w, https:\/\/www.minocha.fr\/wp-content\/uploads\/2025\/08\/CIRCEE-1073x1536.png 1073w, https:\/\/www.minocha.fr\/wp-content\/uploads\/2025\/08\/CIRCEE-1431x2048.png 1431w, https:\/\/www.minocha.fr\/wp-content\/uploads\/2025\/08\/CIRCEE-1320x1890.png 1320w, https:\/\/www.minocha.fr\/wp-content\/uploads\/2025\/08\/CIRCEE.png 1668w\" sizes=\"(max-width: 715px) 100vw, 715px\" \/>\t\t\t\t\t\t\t\t\t\t\t\t\t\t\t<\/div>\n\t\t\t\t<\/div>\n\t\t\t\t<div class=\"elementor-element elementor-element-2bf61bc elementor-widget elementor-widget-heading\" data-id=\"2bf61bc\" data-element_type=\"widget\" data-e-type=\"widget\" data-widget_type=\"heading.default\">\n\t\t\t\t<div class=\"elementor-widget-container\">\n\t\t\t\t\t<h2 class=\"elementor-heading-title elementor-size-default\">Circ\u00e9e &amp; l\u2019\u00e9quipage de l\u2019Aphrodite\u2028<\/h2>\t\t\t\t<\/div>\n\t\t\t\t<\/div>\n\t\t\t\t<div class=\"elementor-element elementor-element-626e0a0 elementor-widget elementor-widget-text-editor\" data-id=\"626e0a0\" data-element_type=\"widget\" data-e-type=\"widget\" data-widget_type=\"text-editor.default\">\n\t\t\t\t<div class=\"elementor-widget-container\">\n\t\t\t\t\t\t\t\t\t<p>Une exploratrice intr\u00e9pide et ceux qui l\u2019ont choisie pour capitaine<\/p>\t\t\t\t\t\t\t\t<\/div>\n\t\t\t\t<\/div>\n\t\t\t\t<div class=\"elementor-element elementor-element-5f5b3a3 elementor-align-center elementor-widget elementor-widget-button\" data-id=\"5f5b3a3\" data-element_type=\"widget\" data-e-type=\"widget\" data-widget_type=\"button.default\">\n\t\t\t\t<div class=\"elementor-widget-container\">\n\t\t\t\t\t\t\t\t\t<div class=\"elementor-button-wrapper\">\n\t\t\t\t\t<a class=\"elementor-button elementor-button-link elementor-size-sm\" href=\"https:\/\/www.minocha.fr\/index.php\/circee-minocha\/\">\n\t\t\t\t\t\t<span class=\"elementor-button-content-wrapper\">\n\t\t\t\t\t\t\t\t\t<span class=\"elementor-button-text\">Monter \u00e0 bord de l\u2019Aphrodite<\/span>\n\t\t\t\t\t<\/span>\n\t\t\t\t\t<\/a>\n\t\t\t\t<\/div>\n\t\t\t\t\t\t\t\t<\/div>\n\t\t\t\t<\/div>\n\t\t\t\t<\/div>\n\t\t\t\t<\/div>\n\t\t<div class=\"elementor-element elementor-element-1dba75d e-con-full e-flex e-con e-child\" data-id=\"1dba75d\" data-element_type=\"container\" data-e-type=\"container\">\n\t\t<div class=\"elementor-element elementor-element-1058be6 e-con-full e-flex e-con e-child\" data-id=\"1058be6\" data-element_type=\"container\" data-e-type=\"container\">\n\t\t\t\t<div class=\"elementor-element elementor-element-f44c9c8 elementor-widget elementor-widget-image\" data-id=\"f44c9c8\" data-element_type=\"widget\" data-e-type=\"widget\" data-widget_type=\"image.default\">\n\t\t\t\t<div class=\"elementor-widget-container\">\n\t\t\t\t\t\t\t\t\t\t\t\t\t\t\t<img decoding=\"async\" width=\"715\" height=\"1024\" src=\"https:\/\/www.minocha.fr\/wp-content\/uploads\/2025\/08\/PERSY-715x1024.png\" class=\"attachment-large size-large wp-image-1025\" alt=\"Illustration de Pers\u00e9phone Minocha, scientifique au style steampunk, cheveux boucl\u00e9s, lunettes rondes et machine temporelle.\" srcset=\"https:\/\/www.minocha.fr\/wp-content\/uploads\/2025\/08\/PERSY-715x1024.png 715w, https:\/\/www.minocha.fr\/wp-content\/uploads\/2025\/08\/PERSY-700x1002.png 700w, https:\/\/www.minocha.fr\/wp-content\/uploads\/2025\/08\/PERSY-210x300.png 210w, https:\/\/www.minocha.fr\/wp-content\/uploads\/2025\/08\/PERSY-768x1100.png 768w, https:\/\/www.minocha.fr\/wp-content\/uploads\/2025\/08\/PERSY-1073x1536.png 1073w, https:\/\/www.minocha.fr\/wp-content\/uploads\/2025\/08\/PERSY-1431x2048.png 1431w, https:\/\/www.minocha.fr\/wp-content\/uploads\/2025\/08\/PERSY-1320x1890.png 1320w, https:\/\/www.minocha.fr\/wp-content\/uploads\/2025\/08\/PERSY.png 1668w\" sizes=\"(max-width: 715px) 100vw, 715px\" \/>\t\t\t\t\t\t\t\t\t\t\t\t\t\t\t<\/div>\n\t\t\t\t<\/div>\n\t\t\t\t<div class=\"elementor-element elementor-element-64ff50e elementor-widget elementor-widget-heading\" data-id=\"64ff50e\" data-element_type=\"widget\" data-e-type=\"widget\" data-widget_type=\"heading.default\">\n\t\t\t\t<div class=\"elementor-widget-container\">\n\t\t\t\t\t<h2 class=\"elementor-heading-title elementor-size-default\">Pers\u00e9phone \n&amp; Lila<\/h2>\t\t\t\t<\/div>\n\t\t\t\t<\/div>\n\t\t\t\t<div class=\"elementor-element elementor-element-6318a0b elementor-widget elementor-widget-text-editor\" data-id=\"6318a0b\" data-element_type=\"widget\" data-e-type=\"widget\" data-widget_type=\"text-editor.default\">\n\t\t\t\t<div class=\"elementor-widget-container\">\n\t\t\t\t\t\t\t\t\t<p>Notre jeune &amp; brillante scientifique accompagn\u00e9e d\u2019une IA aussi vive qu\u2019effront\u00e9e<\/p>\t\t\t\t\t\t\t\t<\/div>\n\t\t\t\t<\/div>\n\t\t\t\t<div class=\"elementor-element elementor-element-392ed2b elementor-widget elementor-widget-button\" data-id=\"392ed2b\" data-element_type=\"widget\" data-e-type=\"widget\" data-widget_type=\"button.default\">\n\t\t\t\t<div class=\"elementor-widget-container\">\n\t\t\t\t\t\t\t\t\t<div class=\"elementor-button-wrapper\">\n\t\t\t\t\t<a class=\"elementor-button elementor-button-link elementor-size-sm\" href=\"https:\/\/minocha.fr\/index.php\/persephone-minocha\/\">\n\t\t\t\t\t\t<span class=\"elementor-button-content-wrapper\">\n\t\t\t\t\t\t\t\t\t<span class=\"elementor-button-text\">Explorez la Cabane du Ch\u00eane<\/span>\n\t\t\t\t\t<\/span>\n\t\t\t\t\t<\/a>\n\t\t\t\t<\/div>\n\t\t\t\t\t\t\t\t<\/div>\n\t\t\t\t<\/div>\n\t\t\t\t<\/div>\n\t\t\t\t<\/div>\n\t\t<div class=\"elementor-element elementor-element-f5d5ac5 e-con-full e-flex e-con e-child\" data-id=\"f5d5ac5\" data-element_type=\"container\" data-e-type=\"container\">\n\t\t<div class=\"elementor-element elementor-element-e127b91 e-con-full e-flex e-con e-child\" data-id=\"e127b91\" data-element_type=\"container\" data-e-type=\"container\">\n\t\t\t\t<div class=\"elementor-element elementor-element-bd86e07 elementor-widget elementor-widget-image\" data-id=\"bd86e07\" data-element_type=\"widget\" data-e-type=\"widget\" data-widget_type=\"image.default\">\n\t\t\t\t<div class=\"elementor-widget-container\">\n\t\t\t\t\t\t\t\t\t\t\t\t\t\t\t<img loading=\"lazy\" decoding=\"async\" width=\"768\" height=\"1102\" src=\"https:\/\/www.minocha.fr\/wp-content\/uploads\/2025\/05\/OLYMPE-768x1102.png\" class=\"attachment-medium_large size-medium_large wp-image-454\" alt=\"Illustration d\u2019Olympe, arch\u00e9ologue d\u2019\u00e2ge m\u00fbr dans un cadre victorien steampunk \u2013 personnage des Lettres Minocha\" srcset=\"https:\/\/www.minocha.fr\/wp-content\/uploads\/2025\/05\/OLYMPE-768x1102.png 768w, https:\/\/www.minocha.fr\/wp-content\/uploads\/2025\/05\/OLYMPE-scaled-700x1004.png 700w, https:\/\/www.minocha.fr\/wp-content\/uploads\/2025\/05\/OLYMPE-209x300.png 209w, https:\/\/www.minocha.fr\/wp-content\/uploads\/2025\/05\/OLYMPE-714x1024.png 714w, https:\/\/www.minocha.fr\/wp-content\/uploads\/2025\/05\/OLYMPE-1071x1536.png 1071w, https:\/\/www.minocha.fr\/wp-content\/uploads\/2025\/05\/OLYMPE-1428x2048.png 1428w, https:\/\/www.minocha.fr\/wp-content\/uploads\/2025\/05\/OLYMPE-scaled.png 1785w\" sizes=\"(max-width: 768px) 100vw, 768px\" \/>\t\t\t\t\t\t\t\t\t\t\t\t\t\t\t<\/div>\n\t\t\t\t<\/div>\n\t\t\t\t<div class=\"elementor-element elementor-element-7a4a740 elementor-widget elementor-widget-heading\" data-id=\"7a4a740\" data-element_type=\"widget\" data-e-type=\"widget\" data-widget_type=\"heading.default\">\n\t\t\t\t<div class=\"elementor-widget-container\">\n\t\t\t\t\t<h2 class=\"elementor-heading-title elementor-size-default\">Olympe &amp; Eug\u00e8ne<\/h2>\t\t\t\t<\/div>\n\t\t\t\t<\/div>\n\t\t\t\t<div class=\"elementor-element elementor-element-2543437 elementor-widget elementor-widget-text-editor\" data-id=\"2543437\" data-element_type=\"widget\" data-e-type=\"widget\" data-widget_type=\"text-editor.default\">\n\t\t\t\t<div class=\"elementor-widget-container\">\n\t\t\t\t\t\t\t\t\t<p>Leur tante arch\u00e9ologue disparue et le majordome qui sait tout (ou presque)<\/p>\t\t\t\t\t\t\t\t<\/div>\n\t\t\t\t<\/div>\n\t\t\t\t<div class=\"elementor-element elementor-element-656f58e elementor-widget elementor-widget-button\" data-id=\"656f58e\" data-element_type=\"widget\" data-e-type=\"widget\" data-widget_type=\"button.default\">\n\t\t\t\t<div class=\"elementor-widget-container\">\n\t\t\t\t\t\t\t\t\t<div class=\"elementor-button-wrapper\">\n\t\t\t\t\t<a class=\"elementor-button elementor-button-link elementor-size-sm\" href=\"https:\/\/www.minocha.fr\/index.php\/quete-2\/\">\n\t\t\t\t\t\t<span class=\"elementor-button-content-wrapper\">\n\t\t\t\t\t\t\t\t\t<span class=\"elementor-button-text\">Ouvrir la porte du manoir<\/span>\n\t\t\t\t\t<\/span>\n\t\t\t\t\t<\/a>\n\t\t\t\t<\/div>\n\t\t\t\t\t\t\t\t<\/div>\n\t\t\t\t<\/div>\n\t\t\t\t<\/div>\n\t\t\t\t<\/div>\n\t\t\t\t\t<\/div>\n\t\t\t\t<\/div>\n\t\t\t\t<\/div>\n\t\t","protected":false},"excerpt":{"rendered":"<p>LES VISAGES DE L&rsquo;AVENTURE Et si chaque lettre n\u2019\u00e9tait que la surface d\u2019un monde plus vaste\u2026 ? Au c\u0153ur des Lettres Minocha, il y a trois s\u0153urs.Trois voix. Trois r\u00e9cits. Trois routes entrem\u00eal\u00e9es. Chacune est guid\u00e9e \u2014 ou troubl\u00e9e \u2014 par ceux qui croisent sa qu\u00eate.Un assistant discret, une intelligence artificielle vive, un \u00e9quipage improbable, [&hellip;]<\/p>\n","protected":false},"author":2,"featured_media":0,"parent":0,"menu_order":0,"comment_status":"closed","ping_status":"closed","template":"","meta":{"footnotes":""},"class_list":["post-14","page","type-page","status-publish","hentry"],"_links":{"self":[{"href":"https:\/\/www.minocha.fr\/index.php\/wp-json\/wp\/v2\/pages\/14","targetHints":{"allow":["GET"]}}],"collection":[{"href":"https:\/\/www.minocha.fr\/index.php\/wp-json\/wp\/v2\/pages"}],"about":[{"href":"https:\/\/www.minocha.fr\/index.php\/wp-json\/wp\/v2\/types\/page"}],"author":[{"embeddable":true,"href":"https:\/\/www.minocha.fr\/index.php\/wp-json\/wp\/v2\/users\/2"}],"replies":[{"embeddable":true,"href":"https:\/\/www.minocha.fr\/index.php\/wp-json\/wp\/v2\/comments?post=14"}],"version-history":[{"count":40,"href":"https:\/\/www.minocha.fr\/index.php\/wp-json\/wp\/v2\/pages\/14\/revisions"}],"predecessor-version":[{"id":2160,"href":"https:\/\/www.minocha.fr\/index.php\/wp-json\/wp\/v2\/pages\/14\/revisions\/2160"}],"wp:attachment":[{"href":"https:\/\/www.minocha.fr\/index.php\/wp-json\/wp\/v2\/media?parent=14"}],"curies":[{"name":"wp","href":"https:\/\/api.w.org\/{rel}","templated":true}]}}