{"id":18,"date":"2025-05-15T13:03:16","date_gmt":"2025-05-15T11:03:16","guid":{"rendered":"https:\/\/minocha.fr\/?page_id=18"},"modified":"2025-09-11T12:16:25","modified_gmt":"2025-09-11T10:16:25","slug":"podcast","status":"publish","type":"page","link":"https:\/\/www.minocha.fr\/index.php\/podcast\/","title":{"rendered":"PODCAST"},"content":{"rendered":"\t\t<div data-elementor-type=\"wp-page\" data-elementor-id=\"18\" class=\"elementor elementor-18\" data-elementor-post-type=\"page\">\n\t\t\t\t<div class=\"elementor-element elementor-element-8b7782c e-flex e-con-boxed e-con e-parent\" data-id=\"8b7782c\" data-element_type=\"container\" data-e-type=\"container\" data-settings=\"{&quot;background_background&quot;:&quot;classic&quot;}\">\n\t\t\t\t\t<div class=\"e-con-inner\">\n\t\t\t\t<div class=\"elementor-element elementor-element-e37ba5b elementor-widget elementor-widget-heading\" data-id=\"e37ba5b\" data-element_type=\"widget\" data-e-type=\"widget\" data-widget_type=\"heading.default\">\n\t\t\t\t<div class=\"elementor-widget-container\">\n\t\t\t\t\t<h2 class=\"elementor-heading-title elementor-size-default\">LE PODCAST<\/h2>\t\t\t\t<\/div>\n\t\t\t\t<\/div>\n\t\t<div class=\"elementor-element elementor-element-bba0660 e-grid e-con-full e-con e-child\" data-id=\"bba0660\" data-element_type=\"container\" data-e-type=\"container\">\n\t\t\t\t<div class=\"elementor-element elementor-element-604acfd elementor-widget elementor-widget-image\" data-id=\"604acfd\" data-element_type=\"widget\" data-e-type=\"widget\" data-widget_type=\"image.default\">\n\t\t\t\t<div class=\"elementor-widget-container\">\n\t\t\t\t\t\t\t\t\t\t\t\t\t\t\t<img decoding=\"async\" src=\"https:\/\/www.minocha.fr\/wp-content\/uploads\/2025\/06\/PODCAST-scaled.png\" title=\"PODCAST\" alt=\"illustration du podcast en style steampunk vintage \u2013 Les Lettres Minocha - les Archives sonores des soeurs Minocha\" loading=\"lazy\" \/>\t\t\t\t\t\t\t\t\t\t\t\t\t\t\t<\/div>\n\t\t\t\t<\/div>\n\t\t\t\t<div class=\"elementor-element elementor-element-ea2c8a7 elementor-widget elementor-widget-text-editor\" data-id=\"ea2c8a7\" data-element_type=\"widget\" data-e-type=\"widget\" data-widget_type=\"text-editor.default\">\n\t\t\t\t<div class=\"elementor-widget-container\">\n\t\t\t\t\t\t\t\t\t<p>Archives sonores\u2026 ou presque.<\/p><p>\u00c0 l\u2019origine, ce n\u2019\u00e9tait pas cens\u00e9 \u00eatre un podcast.<\/p><p>C\u2019\u00e9tait une tentative (plus ou moins r\u00e9ussie) de mise en ordre des <b>archives vocales<\/b> des s\u0153urs Minocha.<br \/>Une initiative men\u00e9e \u2014 tambour battant \u2014 par <b>Eug\u00e8ne<\/b>, majordome du manoir familial, passionn\u00e9 de parchemins, de th\u00e9 noir\u2026 et de classement m\u00e9thodique.<\/p><p>Heureusement, <b>Lila<\/b>, l\u2019intelligence artificielle un peu trop \u00e9volu\u00e9e de Pers\u00e9phone, a <b>pris le relais technique<\/b>.<\/p><p>Le r\u00e9sultat ?<br \/>Un podcast.<br \/>Un vrai.<br \/>Avec des voix, des bruits, des souvenirs, des disputes, des secrets et quelques rires vol\u00e9s au passage.<\/p>\t\t\t\t\t\t\t\t<\/div>\n\t\t\t\t<\/div>\n\t\t\t\t<\/div>\n\t\t<div class=\"elementor-element elementor-element-e63aaca e-grid e-con-full e-con e-child\" data-id=\"e63aaca\" data-element_type=\"container\" data-e-type=\"container\">\n\t\t\t\t<div class=\"elementor-element elementor-element-84e6d43 elementor-widget elementor-widget-text-editor\" data-id=\"84e6d43\" data-element_type=\"widget\" data-e-type=\"widget\" data-widget_type=\"text-editor.default\">\n\t\t\t\t<div class=\"elementor-widget-container\">\n\t\t\t\t\t\t\t\t\t<p>Un duo (presque) professionnel<\/p><p>Eug\u00e8ne pense qu\u2019il g\u00e8re un <b>centre de conservation audio hautement confidentiel<\/b>.<br \/>Lila sait tr\u00e8s bien qu\u2019il s\u2019agit d\u2019un <b>podcast disponible partout en acc\u00e8s libre<\/b>.<br \/>Ils se chamaillent autant qu\u2019ils s\u2019adorent \u2014 et gr\u00e2ce \u00e0 eux, vous avez le privil\u00e8ge rare d\u2019<b>entendre l\u2019univers Minocha de l\u2019int\u00e9rieur.<\/b><\/p><p>Une autre porte vers l\u2019aventure<\/p><p>Les <b>lettres<\/b> sont riches en contenu p\u00e9dagogique et illustrations : 90 % savoir, 10 % intrigue.<\/p><p>Le <b>podcast<\/b>, lui, renverse les r\u00f4les : 90 % r\u00e9cit, 10 % clin d\u2019\u0153il savant.<\/p><p>\u00c0 \u00e9couter dans votre bain, en for\u00eat, ou au coin du feu.<br \/>Avec ou sans carnet de notes.<\/p>\t\t\t\t\t\t\t\t<\/div>\n\t\t\t\t<\/div>\n\t\t\t\t<div class=\"elementor-element elementor-element-33130b8 elementor-widget elementor-widget-image\" data-id=\"33130b8\" data-element_type=\"widget\" data-e-type=\"widget\" data-widget_type=\"image.default\">\n\t\t\t\t<div class=\"elementor-widget-container\">\n\t\t\t\t\t\t\t\t\t\t\t\t\t\t\t<img fetchpriority=\"high\" decoding=\"async\" width=\"1477\" height=\"1536\" src=\"https:\/\/www.minocha.fr\/wp-content\/uploads\/2025\/08\/euglila-1477x1536.png\" class=\"attachment-1536x1536 size-1536x1536 wp-image-1597\" alt=\"Illustration de Lila (repr\u00e9sent\u00e9e par des binocles steampunk) et Eug\u00e8ne dans un laboratoire chaleureux, en pleine session d\u2019enregistrement du podcast des Lettres Minocha\" srcset=\"https:\/\/www.minocha.fr\/wp-content\/uploads\/2025\/08\/euglila-1477x1536.png 1477w, https:\/\/www.minocha.fr\/wp-content\/uploads\/2025\/08\/euglila-289x300.png 289w, https:\/\/www.minocha.fr\/wp-content\/uploads\/2025\/08\/euglila-985x1024.png 985w, https:\/\/www.minocha.fr\/wp-content\/uploads\/2025\/08\/euglila-768x798.png 768w, https:\/\/www.minocha.fr\/wp-content\/uploads\/2025\/08\/euglila-1320x1372.png 1320w, https:\/\/www.minocha.fr\/wp-content\/uploads\/2025\/08\/euglila-700x728.png 700w, https:\/\/www.minocha.fr\/wp-content\/uploads\/2025\/08\/euglila.png 1917w\" sizes=\"(max-width: 1477px) 100vw, 1477px\" \/>\t\t\t\t\t\t\t\t\t\t\t\t\t\t\t<\/div>\n\t\t\t\t<\/div>\n\t\t\t\t<\/div>\n\t\t\t\t<div class=\"elementor-element elementor-element-a88544b elementor-shape-circle elementor-grid-0 e-grid-align-center elementor-widget elementor-widget-social-icons\" data-id=\"a88544b\" data-element_type=\"widget\" data-e-type=\"widget\" data-widget_type=\"social-icons.default\">\n\t\t\t\t<div class=\"elementor-widget-container\">\n\t\t\t\t\t\t\t<div class=\"elementor-social-icons-wrapper elementor-grid\" role=\"list\">\n\t\t\t\t\t\t\t<span class=\"elementor-grid-item\" role=\"listitem\">\n\t\t\t\t\t<a class=\"elementor-icon elementor-social-icon elementor-social-icon-spotify elementor-repeater-item-24d418a\" href=\"https:\/\/open.spotify.com\/show\/3W56FIWYgtSe3q2geXbwMP\" target=\"_blank\">\n\t\t\t\t\t\t<span class=\"elementor-screen-only\">Spotify<\/span>\n\t\t\t\t\t\t<svg aria-hidden=\"true\" class=\"e-font-icon-svg e-fab-spotify\" viewBox=\"0 0 496 512\" xmlns=\"http:\/\/www.w3.org\/2000\/svg\"><path d=\"M248 8C111.1 8 0 119.1 0 256s111.1 248 248 248 248-111.1 248-248S384.9 8 248 8zm100.7 364.9c-4.2 0-6.8-1.3-10.7-3.6-62.4-37.6-135-39.2-206.7-24.5-3.9 1-9 2.6-11.9 2.6-9.7 0-15.8-7.7-15.8-15.8 0-10.3 6.1-15.2 13.6-16.8 81.9-18.1 165.6-16.5 237 26.2 6.1 3.9 9.7 7.4 9.7 16.5s-7.1 15.4-15.2 15.4zm26.9-65.6c-5.2 0-8.7-2.3-12.3-4.2-62.5-37-155.7-51.9-238.6-29.4-4.8 1.3-7.4 2.6-11.9 2.6-10.7 0-19.4-8.7-19.4-19.4s5.2-17.8 15.5-20.7c27.8-7.8 56.2-13.6 97.8-13.6 64.9 0 127.6 16.1 177 45.5 8.1 4.8 11.3 11 11.3 19.7-.1 10.8-8.5 19.5-19.4 19.5zm31-76.2c-5.2 0-8.4-1.3-12.9-3.9-71.2-42.5-198.5-52.7-280.9-29.7-3.6 1-8.1 2.6-12.9 2.6-13.2 0-23.3-10.3-23.3-23.6 0-13.6 8.4-21.3 17.4-23.9 35.2-10.3 74.6-15.2 117.5-15.2 73 0 149.5 15.2 205.4 47.8 7.8 4.5 12.9 10.7 12.9 22.6 0 13.6-11 23.3-23.2 23.3z\"><\/path><\/svg>\t\t\t\t\t<\/a>\n\t\t\t\t<\/span>\n\t\t\t\t\t\t\t<span class=\"elementor-grid-item\" role=\"listitem\">\n\t\t\t\t\t<a class=\"elementor-icon elementor-social-icon elementor-social-icon-apple elementor-repeater-item-f144298\" href=\"https:\/\/podcasts.apple.com\/fr\/podcast\/les-archives-des-soeurs-minocha\/id1836202452\" target=\"_blank\">\n\t\t\t\t\t\t<span class=\"elementor-screen-only\">Apple<\/span>\n\t\t\t\t\t\t<svg aria-hidden=\"true\" class=\"e-font-icon-svg e-fab-apple\" viewBox=\"0 0 384 512\" xmlns=\"http:\/\/www.w3.org\/2000\/svg\"><path d=\"M318.7 268.7c-.2-36.7 16.4-64.4 50-84.8-18.8-26.9-47.2-41.7-84.7-44.6-35.5-2.8-74.3 20.7-88.5 20.7-15 0-49.4-19.7-76.4-19.7C63.3 141.2 4 184.8 4 273.5q0 39.3 14.4 81.2c12.8 36.7 59 126.7 107.2 125.2 25.2-.6 43-17.9 75.8-17.9 31.8 0 48.3 17.9 76.4 17.9 48.6-.7 90.4-82.5 102.6-119.3-65.2-30.7-61.7-90-61.7-91.9zm-56.6-164.2c27.3-32.4 24.8-61.9 24-72.5-24.1 1.4-52 16.4-67.9 34.9-17.5 19.8-27.8 44.3-25.6 71.9 26.1 2 49.9-11.4 69.5-34.3z\"><\/path><\/svg>\t\t\t\t\t<\/a>\n\t\t\t\t<\/span>\n\t\t\t\t\t\t\t<span class=\"elementor-grid-item\" role=\"listitem\">\n\t\t\t\t\t<a class=\"elementor-icon elementor-social-icon elementor-social-icon-podcast elementor-repeater-item-ebf7ffa\" href=\"https:\/\/podcast.ausha.co\/les-archives-des-soeurs-minocha\" target=\"_blank\">\n\t\t\t\t\t\t<span class=\"elementor-screen-only\">Podcast<\/span>\n\t\t\t\t\t\t<svg aria-hidden=\"true\" class=\"e-font-icon-svg e-fas-podcast\" viewBox=\"0 0 448 512\" xmlns=\"http:\/\/www.w3.org\/2000\/svg\"><path d=\"M267.429 488.563C262.286 507.573 242.858 512 224 512c-18.857 0-38.286-4.427-43.428-23.437C172.927 460.134 160 388.898 160 355.75c0-35.156 31.142-43.75 64-43.75s64 8.594 64 43.75c0 32.949-12.871 104.179-20.571 132.813zM156.867 288.554c-18.693-18.308-29.958-44.173-28.784-72.599 2.054-49.724 42.395-89.956 92.124-91.881C274.862 121.958 320 165.807 320 220c0 26.827-11.064 51.116-28.866 68.552-2.675 2.62-2.401 6.986.628 9.187 9.312 6.765 16.46 15.343 21.234 25.363 1.741 3.654 6.497 4.66 9.449 1.891 28.826-27.043 46.553-65.783 45.511-108.565-1.855-76.206-63.595-138.208-139.793-140.369C146.869 73.753 80 139.215 80 220c0 41.361 17.532 78.7 45.55 104.989 2.953 2.771 7.711 1.77 9.453-1.887 4.774-10.021 11.923-18.598 21.235-25.363 3.029-2.2 3.304-6.566.629-9.185zM224 0C100.204 0 0 100.185 0 224c0 89.992 52.602 165.647 125.739 201.408 4.333 2.118 9.267-1.544 8.535-6.31-2.382-15.512-4.342-30.946-5.406-44.339-.146-1.836-1.149-3.486-2.678-4.512-47.4-31.806-78.564-86.016-78.187-147.347.592-96.237 79.29-174.648 175.529-174.899C320.793 47.747 400 126.797 400 224c0 61.932-32.158 116.49-80.65 147.867-.999 14.037-3.069 30.588-5.624 47.23-.732 4.767 4.203 8.429 8.535 6.31C395.227 389.727 448 314.187 448 224 448 100.205 347.815 0 224 0zm0 160c-35.346 0-64 28.654-64 64s28.654 64 64 64 64-28.654 64-64-28.654-64-64-64z\"><\/path><\/svg>\t\t\t\t\t<\/a>\n\t\t\t\t<\/span>\n\t\t\t\t\t<\/div>\n\t\t\t\t\t\t<\/div>\n\t\t\t\t<\/div>\n\t\t\t\t<div class=\"elementor-element elementor-element-87cc653 elementor-widget__width-inherit elementor-widget elementor-widget-html\" data-id=\"87cc653\" data-element_type=\"widget\" data-e-type=\"widget\" data-widget_type=\"html.default\">\n\t\t\t\t<div class=\"elementor-widget-container\">\n\t\t\t\t\t<iframe name=\"Ausha Podcast Player\" frameborder=\"0\" loading=\"lazy\" id=\"ausha-vyjb\" height=\"420\" style=\"border: none; width:100%; height:420px\" src=\"https:\/\/player.ausha.co\/?showId=BQmQexsYvw81&color=%23EDD9C3&multishow=true&playlist=true&dark=true&v=3&playerId=ausha-vyjb\"><\/iframe><script src=\"https:\/\/player.ausha.co\/ausha-player.js\"><\/script>\n\t\t\t\t<\/div>\n\t\t\t\t<\/div>\n\t\t\t\t\t<\/div>\n\t\t\t\t<\/div>\n\t\t\t\t<\/div>\n\t\t","protected":false},"excerpt":{"rendered":"<p>LE PODCAST Archives sonores\u2026 ou presque. \u00c0 l\u2019origine, ce n\u2019\u00e9tait pas cens\u00e9 \u00eatre un podcast. C\u2019\u00e9tait une tentative (plus ou moins r\u00e9ussie) de mise en ordre des archives vocales des s\u0153urs Minocha.Une initiative men\u00e9e \u2014 tambour battant \u2014 par Eug\u00e8ne, majordome du manoir familial, passionn\u00e9 de parchemins, de th\u00e9 noir\u2026 et de classement m\u00e9thodique. Heureusement, [&hellip;]<\/p>\n","protected":false},"author":2,"featured_media":0,"parent":0,"menu_order":0,"comment_status":"closed","ping_status":"closed","template":"","meta":{"footnotes":""},"class_list":["post-18","page","type-page","status-publish","hentry"],"_links":{"self":[{"href":"https:\/\/www.minocha.fr\/index.php\/wp-json\/wp\/v2\/pages\/18","targetHints":{"allow":["GET"]}}],"collection":[{"href":"https:\/\/www.minocha.fr\/index.php\/wp-json\/wp\/v2\/pages"}],"about":[{"href":"https:\/\/www.minocha.fr\/index.php\/wp-json\/wp\/v2\/types\/page"}],"author":[{"embeddable":true,"href":"https:\/\/www.minocha.fr\/index.php\/wp-json\/wp\/v2\/users\/2"}],"replies":[{"embeddable":true,"href":"https:\/\/www.minocha.fr\/index.php\/wp-json\/wp\/v2\/comments?post=18"}],"version-history":[{"count":40,"href":"https:\/\/www.minocha.fr\/index.php\/wp-json\/wp\/v2\/pages\/18\/revisions"}],"predecessor-version":[{"id":1690,"href":"https:\/\/www.minocha.fr\/index.php\/wp-json\/wp\/v2\/pages\/18\/revisions\/1690"}],"wp:attachment":[{"href":"https:\/\/www.minocha.fr\/index.php\/wp-json\/wp\/v2\/media?parent=18"}],"curies":[{"name":"wp","href":"https:\/\/api.w.org\/{rel}","templated":true}]}}