{"id":20,"date":"2025-05-15T13:03:16","date_gmt":"2025-05-15T11:03:16","guid":{"rendered":"https:\/\/minocha.fr\/?page_id=20"},"modified":"2025-09-11T12:31:59","modified_gmt":"2025-09-11T10:31:59","slug":"qui-suis-je","status":"publish","type":"page","link":"https:\/\/www.minocha.fr\/index.php\/qui-suis-je\/","title":{"rendered":"QUI SUIS JE ?"},"content":{"rendered":"\t\t<div data-elementor-type=\"wp-page\" data-elementor-id=\"20\" class=\"elementor elementor-20\" data-elementor-post-type=\"page\">\n\t\t\t\t<div class=\"elementor-element elementor-element-5f2407b e-flex e-con-boxed e-con e-parent\" data-id=\"5f2407b\" data-element_type=\"container\" data-e-type=\"container\" data-settings=\"{&quot;background_background&quot;:&quot;classic&quot;}\">\n\t\t\t\t\t<div class=\"e-con-inner\">\n\t\t\t\t<div class=\"elementor-element elementor-element-640fb14 elementor-widget elementor-widget-heading\" data-id=\"640fb14\" data-element_type=\"widget\" data-e-type=\"widget\" data-widget_type=\"heading.default\">\n\t\t\t\t<div class=\"elementor-widget-container\">\n\t\t\t\t\t<h2 class=\"elementor-heading-title elementor-size-default\">L'ARCHIVISTE<\/h2>\t\t\t\t<\/div>\n\t\t\t\t<\/div>\n\t\t\t\t\t<\/div>\n\t\t\t\t<\/div>\n\t\t<div class=\"elementor-element elementor-element-9bab2d1 e-flex e-con-boxed e-con e-parent\" data-id=\"9bab2d1\" data-element_type=\"container\" data-e-type=\"container\" data-settings=\"{&quot;background_background&quot;:&quot;classic&quot;}\">\n\t\t\t\t\t<div class=\"e-con-inner\">\n\t\t<div class=\"elementor-element elementor-element-ed57791 e-con-full e-flex e-con e-child\" data-id=\"ed57791\" data-element_type=\"container\" data-e-type=\"container\">\n\t\t\t\t<div class=\"elementor-element elementor-element-28c2363 elementor-widget__width-initial elementor-widget elementor-widget-image\" data-id=\"28c2363\" data-element_type=\"widget\" data-e-type=\"widget\" data-widget_type=\"image.default\">\n\t\t\t\t<div class=\"elementor-widget-container\">\n\t\t\t\t\t\t\t\t\t\t\t\t\t\t\t<img fetchpriority=\"high\" decoding=\"async\" width=\"1096\" height=\"1536\" src=\"https:\/\/www.minocha.fr\/wp-content\/uploads\/2025\/08\/jia-1096x1536.png\" class=\"attachment-1536x1536 size-1536x1536 wp-image-1593\" alt=\"Illustration de Jia Varier, femme aux cheveux boucl\u00e9s et lunettes rondes, v\u00eatue d\u2019un costume vintage dans un cadre steampunk \u2013 cr\u00e9atrice de l\u2019univers Minocha\" srcset=\"https:\/\/www.minocha.fr\/wp-content\/uploads\/2025\/08\/jia-1096x1536.png 1096w, https:\/\/www.minocha.fr\/wp-content\/uploads\/2025\/08\/jia-214x300.png 214w, https:\/\/www.minocha.fr\/wp-content\/uploads\/2025\/08\/jia-731x1024.png 731w, https:\/\/www.minocha.fr\/wp-content\/uploads\/2025\/08\/jia-768x1077.png 768w, https:\/\/www.minocha.fr\/wp-content\/uploads\/2025\/08\/jia-1461x2048.png 1461w, https:\/\/www.minocha.fr\/wp-content\/uploads\/2025\/08\/jia-1320x1850.png 1320w, https:\/\/www.minocha.fr\/wp-content\/uploads\/2025\/08\/jia-700x981.png 700w, https:\/\/www.minocha.fr\/wp-content\/uploads\/2025\/08\/jia-scaled.png 1826w\" sizes=\"(max-width: 1096px) 100vw, 1096px\" \/>\t\t\t\t\t\t\t\t\t\t\t\t\t\t\t<\/div>\n\t\t\t\t<\/div>\n\t\t\t\t<\/div>\n\t\t<div class=\"elementor-element elementor-element-741f611 e-con-full e-flex e-con e-child\" data-id=\"741f611\" data-element_type=\"container\" data-e-type=\"container\" data-settings=\"{&quot;background_background&quot;:&quot;classic&quot;}\">\n\t\t\t\t<div class=\"elementor-element elementor-element-ddb1e10 elementor-widget elementor-widget-text-editor\" data-id=\"ddb1e10\" data-element_type=\"widget\" data-e-type=\"widget\" data-widget_type=\"text-editor.default\">\n\t\t\t\t<div class=\"elementor-widget-container\">\n\t\t\t\t\t\t\t\t\t<p>Qui se cache derri\u00e8re <em>Minocha Letters<\/em> ?<\/p><p>Je m\u2019appelle <b>Jia<\/b><br \/>et depuis toujours, je pr\u00e9f\u00e8re les lettres aux likes, les \u00e9nigmes aux notifications\u2026 et les papiers froiss\u00e9s aux \u00e9crans trop lisses.<\/p><p>Quand je ne suis pas en vadrouille, je vis au c\u0153ur de la campagne limousine, dans un coin de for\u00eat qui ressemble \u00e9trangement \u00e0 <b>l\u2019Herbier d\u2019Ath\u00e9na<\/b>. C\u2019est l\u00e0 que je cr\u00e9e, que je r\u00eave, que je fabrique.<\/p><p>Je suis une <b>Artiste-artisane aux mains curieuses<\/b> toujours en mouvements.<br \/>Chaque lettre, chaque symbole, chaque d\u00e9tail est imagin\u00e9, \u00e9crit, illustr\u00e9, assembl\u00e9 ici \u2014 dans ce coin de monde o\u00f9 les renards croisent parfois des dieux oubli\u00e9s.<\/p><p>J\u2019ai mis un peu de moi dans chaque s\u0153ur Minocha. Un \u00e9clat d\u2019aventure, une part de r\u00eave, un grain de malice.<\/p>\t\t\t\t\t\t\t\t<\/div>\n\t\t\t\t<\/div>\n\t\t\t\t<\/div>\n\t\t\t\t\t<\/div>\n\t\t\t\t<\/div>\n\t\t<div class=\"elementor-element elementor-element-eb69ab2 e-flex e-con-boxed e-con e-parent\" data-id=\"eb69ab2\" data-element_type=\"container\" data-e-type=\"container\" data-settings=\"{&quot;background_background&quot;:&quot;classic&quot;}\">\n\t\t\t\t\t<div class=\"e-con-inner\">\n\t\t\t\t<div class=\"elementor-element elementor-element-ab2e251 elementor-widget elementor-widget-text-editor\" data-id=\"ab2e251\" data-element_type=\"widget\" data-e-type=\"widget\" data-widget_type=\"text-editor.default\">\n\t\t\t\t<div class=\"elementor-widget-container\">\n\t\t\t\t\t\t\t\t\t<p><i>Minocha Letters<\/i>, c\u2019est une qu\u00eate que j\u2019aurais r\u00eav\u00e9 recevoir enfant.<br \/>Un projet pour celles et ceux qui aiment <b>explorer, collectionner, imaginer<\/b>\u00a0et toucher l\u2019Histoire du bout des doigts \u2014 <b>sans wifi, mais avec le c\u0153ur.<\/b><b><\/b><\/p><p>Ce dont je r\u00eave aujourd&rsquo;hui &#8230;<\/p><p>Offrir une <b>pause \u00e9l\u00e9gante<\/b> loin du num\u00e9rique<\/p><p>Raviver la magie de la correspondance manuscrite<\/p><p>Faire <b>voyager sans \u00e9cran<\/b>, avec lenteur et intensit\u00e9<\/p><p>Stimuler la curiosit\u00e9, l\u2019imagination et le go\u00fbt du myst\u00e8re, chez petits et grands<\/p><p>\u00a0<\/p>\t\t\t\t\t\t\t\t<\/div>\n\t\t\t\t<\/div>\n\t\t\t\t\t<\/div>\n\t\t\t\t<\/div>\n\t\t\t\t<\/div>\n\t\t","protected":false},"excerpt":{"rendered":"<p>L&rsquo;ARCHIVISTE Qui se cache derri\u00e8re Minocha Letters ? Je m\u2019appelle Jiaet depuis toujours, je pr\u00e9f\u00e8re les lettres aux likes, les \u00e9nigmes aux notifications\u2026 et les papiers froiss\u00e9s aux \u00e9crans trop lisses. Quand je ne suis pas en vadrouille, je vis au c\u0153ur de la campagne limousine, dans un coin de for\u00eat qui ressemble \u00e9trangement \u00e0 [&hellip;]<\/p>\n","protected":false},"author":2,"featured_media":0,"parent":0,"menu_order":0,"comment_status":"closed","ping_status":"closed","template":"","meta":{"footnotes":""},"class_list":["post-20","page","type-page","status-publish","hentry"],"_links":{"self":[{"href":"https:\/\/www.minocha.fr\/index.php\/wp-json\/wp\/v2\/pages\/20","targetHints":{"allow":["GET"]}}],"collection":[{"href":"https:\/\/www.minocha.fr\/index.php\/wp-json\/wp\/v2\/pages"}],"about":[{"href":"https:\/\/www.minocha.fr\/index.php\/wp-json\/wp\/v2\/types\/page"}],"author":[{"embeddable":true,"href":"https:\/\/www.minocha.fr\/index.php\/wp-json\/wp\/v2\/users\/2"}],"replies":[{"embeddable":true,"href":"https:\/\/www.minocha.fr\/index.php\/wp-json\/wp\/v2\/comments?post=20"}],"version-history":[{"count":19,"href":"https:\/\/www.minocha.fr\/index.php\/wp-json\/wp\/v2\/pages\/20\/revisions"}],"predecessor-version":[{"id":1712,"href":"https:\/\/www.minocha.fr\/index.php\/wp-json\/wp\/v2\/pages\/20\/revisions\/1712"}],"wp:attachment":[{"href":"https:\/\/www.minocha.fr\/index.php\/wp-json\/wp\/v2\/media?parent=20"}],"curies":[{"name":"wp","href":"https:\/\/api.w.org\/{rel}","templated":true}]}}