{"id":611,"date":"2025-06-05T14:06:02","date_gmt":"2025-06-05T12:06:02","guid":{"rendered":"https:\/\/www.minocha.fr\/index.php\/panier\/"},"modified":"2025-09-17T17:42:14","modified_gmt":"2025-09-17T15:42:14","slug":"panier","status":"publish","type":"page","link":"https:\/\/www.minocha.fr\/index.php\/panier\/","title":{"rendered":"Panier"},"content":{"rendered":"\t\t<div data-elementor-type=\"wp-page\" data-elementor-id=\"611\" class=\"elementor elementor-611\" data-elementor-post-type=\"page\">\n\t\t\t\t<div class=\"elementor-element elementor-element-2fa98d9c e-flex e-con-boxed e-con e-parent\" data-id=\"2fa98d9c\" data-element_type=\"container\" data-e-type=\"container\" data-settings=\"{&quot;background_background&quot;:&quot;classic&quot;}\">\n\t\t\t\t\t<div class=\"e-con-inner\">\n\t\t\t\t<div class=\"elementor-element elementor-element-f3a7874 elementor-widget elementor-widget-heading\" data-id=\"f3a7874\" data-element_type=\"widget\" data-e-type=\"widget\" data-widget_type=\"heading.default\">\n\t\t\t\t<div class=\"elementor-widget-container\">\n\t\t\t\t\t<h2 class=\"elementor-heading-title elementor-size-default\">PANIER<\/h2>\t\t\t\t<\/div>\n\t\t\t\t<\/div>\n\t\t\t\t\t<\/div>\n\t\t\t\t<\/div>\n\t\t\t\t<\/div>\n\t\t","protected":false},"excerpt":{"rendered":"<p>PANIER Supprimer l\u2019\u00e9l\u00e9ment Miniature Produit Prix Quantit\u00e9 Sous-total &times; BOUGIE PARFUM\u00c9E Encre &amp; Myst\u00e8res &#8211; GRANDE 28,00&nbsp;&euro; quantit\u00e9 de BOUGIE PARFUM\u00c9E Encre &amp; Myst\u00e8res &#8211; GRANDE 28,00&nbsp;&euro; Mise \u00e0 jour le panier Appliquer le code promo Totaux du panier Sous-total 28,00&nbsp;&euro; Exp\u00e9dition LA POSTE: 4,50&nbsp;&euro; Livraison \u00e0 18 villerajouze, 87300 BLOND. Modifier l\u2019adresse Pays\u00a0\/ r\u00e9gion [&hellip;]<\/p>\n","protected":false},"author":2,"featured_media":0,"parent":0,"menu_order":0,"comment_status":"closed","ping_status":"closed","template":"","meta":{"footnotes":""},"class_list":["post-611","page","type-page","status-publish","hentry"],"_links":{"self":[{"href":"https:\/\/www.minocha.fr\/index.php\/wp-json\/wp\/v2\/pages\/611","targetHints":{"allow":["GET"]}}],"collection":[{"href":"https:\/\/www.minocha.fr\/index.php\/wp-json\/wp\/v2\/pages"}],"about":[{"href":"https:\/\/www.minocha.fr\/index.php\/wp-json\/wp\/v2\/types\/page"}],"author":[{"embeddable":true,"href":"https:\/\/www.minocha.fr\/index.php\/wp-json\/wp\/v2\/users\/2"}],"replies":[{"embeddable":true,"href":"https:\/\/www.minocha.fr\/index.php\/wp-json\/wp\/v2\/comments?post=611"}],"version-history":[{"count":81,"href":"https:\/\/www.minocha.fr\/index.php\/wp-json\/wp\/v2\/pages\/611\/revisions"}],"predecessor-version":[{"id":2138,"href":"https:\/\/www.minocha.fr\/index.php\/wp-json\/wp\/v2\/pages\/611\/revisions\/2138"}],"wp:attachment":[{"href":"https:\/\/www.minocha.fr\/index.php\/wp-json\/wp\/v2\/media?parent=611"}],"curies":[{"name":"wp","href":"https:\/\/api.w.org\/{rel}","templated":true}]}}