{"id":889,"date":"2025-08-13T17:21:42","date_gmt":"2025-08-13T15:21:42","guid":{"rendered":"https:\/\/www.minocha.fr\/?page_id=889"},"modified":"2025-09-12T15:05:17","modified_gmt":"2025-09-12T13:05:17","slug":"faq","status":"publish","type":"page","link":"https:\/\/www.minocha.fr\/index.php\/faq\/","title":{"rendered":"FAQ"},"content":{"rendered":"\t\t<div data-elementor-type=\"wp-page\" data-elementor-id=\"889\" class=\"elementor elementor-889\" data-elementor-post-type=\"page\">\n\t\t\t\t<div class=\"elementor-element elementor-element-75a5baf e-flex e-con-boxed e-con e-parent\" data-id=\"75a5baf\" data-element_type=\"container\" data-e-type=\"container\" data-settings=\"{&quot;background_background&quot;:&quot;classic&quot;}\">\n\t\t\t\t\t<div class=\"e-con-inner\">\n\t\t\t\t<div class=\"elementor-element elementor-element-2b4c320 elementor-widget elementor-widget-spacer\" data-id=\"2b4c320\" data-element_type=\"widget\" data-e-type=\"widget\" data-widget_type=\"spacer.default\">\n\t\t\t\t<div class=\"elementor-widget-container\">\n\t\t\t\t\t\t\t<div class=\"elementor-spacer\">\n\t\t\t<div class=\"elementor-spacer-inner\"><\/div>\n\t\t<\/div>\n\t\t\t\t\t\t<\/div>\n\t\t\t\t<\/div>\n\t\t\t\t<div class=\"elementor-element elementor-element-c2731bf elementor-widget elementor-widget-heading\" data-id=\"c2731bf\" data-element_type=\"widget\" data-e-type=\"widget\" data-widget_type=\"heading.default\">\n\t\t\t\t<div class=\"elementor-widget-container\">\n\t\t\t\t\t<h2 class=\"elementor-heading-title elementor-size-default\">LE GRIMOIRE DES R\u00c9PONSES<\/h2>\t\t\t\t<\/div>\n\t\t\t\t<\/div>\n\t\t\t\t<div class=\"elementor-element elementor-element-8f76f92 elementor-widget elementor-widget-text-editor\" data-id=\"8f76f92\" data-element_type=\"widget\" data-e-type=\"widget\" data-widget_type=\"text-editor.default\">\n\t\t\t\t<div class=\"elementor-widget-container\">\n\t\t\t\t\t\t\t\t\t<p>M\u00eame les plus grands explorateurs ont parfois besoin d\u2019un peu de clart\u00e9.<\/p><p>Voici quelques r\u00e9ponses aux questions que l\u2019on nous murmure souvent entre deux lettres\u2026<\/p><p>Si la v\u00f4tre n\u2019y figure pas, n\u2019h\u00e9sitez pas \u00e0 \u00e9crire \u00e0 l&rsquo;Archiviste : elle se fera un plaisir d\u2019y r\u00e9pondre, plume en main.<\/p>\t\t\t\t\t\t\t\t<\/div>\n\t\t\t\t<\/div>\n\t\t\t\t\t<\/div>\n\t\t\t\t<\/div>\n\t\t<div class=\"elementor-element elementor-element-9389a3d e-flex e-con-boxed e-con e-parent\" data-id=\"9389a3d\" data-element_type=\"container\" data-e-type=\"container\" data-settings=\"{&quot;background_background&quot;:&quot;classic&quot;}\">\n\t\t\t\t\t<div class=\"e-con-inner\">\n\t\t\t\t<div class=\"elementor-element elementor-element-f73023b elementor-widget elementor-widget-spacer\" data-id=\"f73023b\" data-element_type=\"widget\" data-e-type=\"widget\" data-widget_type=\"spacer.default\">\n\t\t\t\t<div class=\"elementor-widget-container\">\n\t\t\t\t\t\t\t<div class=\"elementor-spacer\">\n\t\t\t<div class=\"elementor-spacer-inner\"><\/div>\n\t\t<\/div>\n\t\t\t\t\t\t<\/div>\n\t\t\t\t<\/div>\n\t\t\t\t<div class=\"elementor-element elementor-element-b9f7672 elementor-widget elementor-widget-heading\" data-id=\"b9f7672\" data-element_type=\"widget\" data-e-type=\"widget\" data-widget_type=\"heading.default\">\n\t\t\t\t<div class=\"elementor-widget-container\">\n\t\t\t\t\t<h2 class=\"elementor-heading-title elementor-size-default\">Quand vais-je recevoir ma premi\u00e8re lettre ?<\/h2>\t\t\t\t<\/div>\n\t\t\t\t<\/div>\n\t\t\t\t<div class=\"elementor-element elementor-element-9321f18 elementor-widget elementor-widget-text-editor\" data-id=\"9321f18\" data-element_type=\"widget\" data-e-type=\"widget\" data-widget_type=\"text-editor.default\">\n\t\t\t\t<div class=\"elementor-widget-container\">\n\t\t\t\t\t\t\t\t\t<p>Les lettres ne s\u2019acheminent pas comme de simples envois postaux : elles voyagent telles de v\u00e9ritables missives d\u2019exploratrices, jamais \u00e0 date fixe, toujours port\u00e9es par l\u2019impr\u00e9vu. Ainsi, si vous avez choisi de suivre deux ou trois plumes \u00e0 la fois, leurs r\u00e9cits peuvent surgir s\u00e9par\u00e9ment, \u00e0 quelques jours d\u2019intervalle. Ce parti-pris de<em data-start=\"393\" data-end=\"414\">\u00a0Minocha Letters <\/em>n\u2019est pas un hasard : il est con\u00e7u pour pr\u00e9server la magie, l\u2019authenticit\u00e9 et la d\u00e9licieuse incertitude de l\u2019attente.<\/p><p>Les lettres sont envoy\u00e9es <em><b>mensuellement<\/b><\/em>, entre le 3 et le 21 de chaque mois.<\/p><p>Si vous vous abonnez avant cette date, vous recevrez votre premi\u00e8re lettre ce mois-ci.<br \/>Sinon, elle sera gliss\u00e9e dans la prochaine salve\u2026 patientez : certaines merveilles arrivent lentement, mais s\u00fbrement.<\/p>\t\t\t\t\t\t\t\t<\/div>\n\t\t\t\t<\/div>\n\t\t\t\t<div class=\"elementor-element elementor-element-b66e48a elementor-widget-divider--view-line elementor-widget elementor-widget-divider\" data-id=\"b66e48a\" data-element_type=\"widget\" data-e-type=\"widget\" data-widget_type=\"divider.default\">\n\t\t\t\t<div class=\"elementor-widget-container\">\n\t\t\t\t\t\t\t<div class=\"elementor-divider\">\n\t\t\t<span class=\"elementor-divider-separator\">\n\t\t\t\t\t\t<\/span>\n\t\t<\/div>\n\t\t\t\t\t\t<\/div>\n\t\t\t\t<\/div>\n\t\t\t\t<div class=\"elementor-element elementor-element-04cf15e elementor-widget elementor-widget-heading\" data-id=\"04cf15e\" data-element_type=\"widget\" data-e-type=\"widget\" data-widget_type=\"heading.default\">\n\t\t\t\t<div class=\"elementor-widget-container\">\n\t\t\t\t\t<h2 class=\"elementor-heading-title elementor-size-default\">\nLivrez-vous \u00e0 l\u2019international ?<\/h2>\t\t\t\t<\/div>\n\t\t\t\t<\/div>\n\t\t\t\t<div class=\"elementor-element elementor-element-2c5cb19 elementor-widget elementor-widget-text-editor\" data-id=\"2c5cb19\" data-element_type=\"widget\" data-e-type=\"widget\" data-widget_type=\"text-editor.default\">\n\t\t\t\t<div class=\"elementor-widget-container\">\n\t\t\t\t\t\t\t\t\t<p>Oui, <em>Minocha Letters<\/em> traverse les fronti\u00e8res comme les r\u00eaves.<br \/>Des frais de port suppl\u00e9mentaires peuvent s\u2019appliquer selon votre pays, mais l\u2019aventure, elle, reste la m\u00eame.<\/p>\t\t\t\t\t\t\t\t<\/div>\n\t\t\t\t<\/div>\n\t\t\t\t<div class=\"elementor-element elementor-element-3bbc87c elementor-widget-divider--view-line elementor-widget elementor-widget-divider\" data-id=\"3bbc87c\" data-element_type=\"widget\" data-e-type=\"widget\" data-widget_type=\"divider.default\">\n\t\t\t\t<div class=\"elementor-widget-container\">\n\t\t\t\t\t\t\t<div class=\"elementor-divider\">\n\t\t\t<span class=\"elementor-divider-separator\">\n\t\t\t\t\t\t<\/span>\n\t\t<\/div>\n\t\t\t\t\t\t<\/div>\n\t\t\t\t<\/div>\n\t\t\t\t<div class=\"elementor-element elementor-element-8ebea3e elementor-widget elementor-widget-heading\" data-id=\"8ebea3e\" data-element_type=\"widget\" data-e-type=\"widget\" data-widget_type=\"heading.default\">\n\t\t\t\t<div class=\"elementor-widget-container\">\n\t\t\t\t\t<h2 class=\"elementor-heading-title elementor-size-default\">Puis-je changer de formule, mettre en pause  ou r\u00e9silier ?<\/h2>\t\t\t\t<\/div>\n\t\t\t\t<\/div>\n\t\t\t\t<div class=\"elementor-element elementor-element-f4c19c2 elementor-widget elementor-widget-text-editor\" data-id=\"f4c19c2\" data-element_type=\"widget\" data-e-type=\"widget\" data-widget_type=\"text-editor.default\">\n\t\t\t\t<div class=\"elementor-widget-container\">\n\t\t\t\t\t\t\t\t\t<p>Bien s\u00fbr.<\/p><p>Nous avons conscience qu\u2019une aventure, aussi pr\u00e9cieuse soit-elle, peut parfois rencontrer une temp\u00eate impr\u00e9vue. C\u2019est pourquoi il vous est permis de suspendre votre abonnement aussi longtemps que n\u00e9cessaire. Lorsque vous reviendrez frapper \u00e0 notre porte, le r\u00e9cit vous attendra fid\u00e8lement, pr\u00eat \u00e0 reprendre exactement au chapitre que vous aviez laiss\u00e9.<\/p><p>Vous pouvez <b>changer de formule, interrompre ou mettre en pause votre abonnement<\/b> \u00e0 tout moment depuis votre espace personnel.<br \/>(Mais nous esp\u00e9rons que vous laisserez les s\u0153urs Minocha vous \u00e9crire encore un peu\u2026)<\/p>\t\t\t\t\t\t\t\t<\/div>\n\t\t\t\t<\/div>\n\t\t\t\t<div class=\"elementor-element elementor-element-84f3fbf elementor-widget-divider--view-line elementor-widget elementor-widget-divider\" data-id=\"84f3fbf\" data-element_type=\"widget\" data-e-type=\"widget\" data-widget_type=\"divider.default\">\n\t\t\t\t<div class=\"elementor-widget-container\">\n\t\t\t\t\t\t\t<div class=\"elementor-divider\">\n\t\t\t<span class=\"elementor-divider-separator\">\n\t\t\t\t\t\t<\/span>\n\t\t<\/div>\n\t\t\t\t\t\t<\/div>\n\t\t\t\t<\/div>\n\t\t\t\t<div class=\"elementor-element elementor-element-e3028e1 elementor-widget elementor-widget-heading\" data-id=\"e3028e1\" data-element_type=\"widget\" data-e-type=\"widget\" data-widget_type=\"heading.default\">\n\t\t\t\t<div class=\"elementor-widget-container\">\n\t\t\t\t\t<h2 class=\"elementor-heading-title elementor-size-default\">Puis-je offrir un abonnement en cadeau ?<\/h2>\t\t\t\t<\/div>\n\t\t\t\t<\/div>\n\t\t\t\t<div class=\"elementor-element elementor-element-122e1f6 elementor-widget elementor-widget-text-editor\" data-id=\"122e1f6\" data-element_type=\"widget\" data-e-type=\"widget\" data-widget_type=\"text-editor.default\">\n\t\t\t\t<div class=\"elementor-widget-container\">\n\t\t\t\t\t\t\t\t\t<p>Absolument. Et quel cadeau !<br \/>Il vous suffit de vous abonner et d&rsquo;entrer les informations (nom et coordonn\u00e9es) de l&rsquo;\u00e9lu(e) \u00e0 la place des v\u00f4tres. Vous pouvez \u00e9galement cocher la case \u00ab\u00a0cadeau\u00a0\u00bb.<\/p><p>Si vous avez une demande particuli\u00e8re, comme par exemple un petit mot personnel \u00e0 glisser dans le premier envoi, contactez l&rsquo;Archiviste par mail : jia@minocha.fr. Elle s&rsquo;en chargera avec grand plaisir.<\/p>\t\t\t\t\t\t\t\t<\/div>\n\t\t\t\t<\/div>\n\t\t\t\t<div class=\"elementor-element elementor-element-b4debba elementor-widget-divider--view-line elementor-widget elementor-widget-divider\" data-id=\"b4debba\" data-element_type=\"widget\" data-e-type=\"widget\" data-widget_type=\"divider.default\">\n\t\t\t\t<div class=\"elementor-widget-container\">\n\t\t\t\t\t\t\t<div class=\"elementor-divider\">\n\t\t\t<span class=\"elementor-divider-separator\">\n\t\t\t\t\t\t<\/span>\n\t\t<\/div>\n\t\t\t\t\t\t<\/div>\n\t\t\t\t<\/div>\n\t\t\t\t<div class=\"elementor-element elementor-element-e384c81 elementor-widget elementor-widget-heading\" data-id=\"e384c81\" data-element_type=\"widget\" data-e-type=\"widget\" data-widget_type=\"heading.default\">\n\t\t\t\t<div class=\"elementor-widget-container\">\n\t\t\t\t\t<h2 class=\"elementor-heading-title elementor-size-default\">Je n\u2019ai pas re\u00e7u ma lettre, que faire ?<\/h2>\t\t\t\t<\/div>\n\t\t\t\t<\/div>\n\t\t\t\t<div class=\"elementor-element elementor-element-7d48930 elementor-widget elementor-widget-text-editor\" data-id=\"7d48930\" data-element_type=\"widget\" data-e-type=\"widget\" data-widget_type=\"text-editor.default\">\n\t\t\t\t<div class=\"elementor-widget-container\">\n\t\t\t\t\t\t\t\t\t<p>Si votre bo\u00eete aux lettres reste muette plus de 10 jours apr\u00e8s l\u2019envoi annonc\u00e9, ou pendant plus d&rsquo;un mois, contactez l&rsquo;Archiviste :<br \/><b>jia@minocha.fr<\/b><br \/>Elle remontera la piste comme Pers\u00e9phone traque un manuscrit disparu, Ath\u00e9na un assistant perdu ou Circ\u00e9e une bonne part de tarte&#8230;<\/p>\t\t\t\t\t\t\t\t<\/div>\n\t\t\t\t<\/div>\n\t\t\t\t<div class=\"elementor-element elementor-element-37d3e24 elementor-widget-divider--view-line elementor-widget elementor-widget-divider\" data-id=\"37d3e24\" data-element_type=\"widget\" data-e-type=\"widget\" data-widget_type=\"divider.default\">\n\t\t\t\t<div class=\"elementor-widget-container\">\n\t\t\t\t\t\t\t<div class=\"elementor-divider\">\n\t\t\t<span class=\"elementor-divider-separator\">\n\t\t\t\t\t\t<\/span>\n\t\t<\/div>\n\t\t\t\t\t\t<\/div>\n\t\t\t\t<\/div>\n\t\t\t\t<div class=\"elementor-element elementor-element-b5d27e4 elementor-widget elementor-widget-heading\" data-id=\"b5d27e4\" data-element_type=\"widget\" data-e-type=\"widget\" data-widget_type=\"heading.default\">\n\t\t\t\t<div class=\"elementor-widget-container\">\n\t\t\t\t\t<h2 class=\"elementor-heading-title elementor-size-default\">Les Lettres Minocha existent-elles en anglais, espagnol ou une autre langue ?<\/h2>\t\t\t\t<\/div>\n\t\t\t\t<\/div>\n\t\t\t\t<div class=\"elementor-element elementor-element-7cb2188 elementor-widget elementor-widget-text-editor\" data-id=\"7cb2188\" data-element_type=\"widget\" data-e-type=\"widget\" data-widget_type=\"text-editor.default\">\n\t\t\t\t<div class=\"elementor-widget-container\">\n\t\t\t\t\t\t\t\t\t<p>Pas encore\u2026 mais le projet est en marche. Si vous souhaitez recevoir les Lettres traduites dans votre langue, glissez-nous un mot via le formulaire de contact. Chaque demande compte et pourrait bien ouvrir la voie \u00e0 de nouvelles versions du Cercle.<\/p>\t\t\t\t\t\t\t\t<\/div>\n\t\t\t\t<\/div>\n\t\t\t\t\t<\/div>\n\t\t\t\t<\/div>\n\t\t<div class=\"elementor-element elementor-element-e3a61fb e-flex e-con-boxed e-con e-parent\" data-id=\"e3a61fb\" data-element_type=\"container\" data-e-type=\"container\" data-settings=\"{&quot;background_background&quot;:&quot;classic&quot;}\">\n\t\t\t\t\t<div class=\"e-con-inner\">\n\t\t\t\t<div class=\"elementor-element elementor-element-8723770 elementor-widget elementor-widget-spacer\" data-id=\"8723770\" data-element_type=\"widget\" data-e-type=\"widget\" data-widget_type=\"spacer.default\">\n\t\t\t\t<div class=\"elementor-widget-container\">\n\t\t\t\t\t\t\t<div class=\"elementor-spacer\">\n\t\t\t<div class=\"elementor-spacer-inner\"><\/div>\n\t\t<\/div>\n\t\t\t\t\t\t<\/div>\n\t\t\t\t<\/div>\n\t\t\t\t<div class=\"elementor-element elementor-element-dd782cd elementor-widget elementor-widget-text-editor\" data-id=\"dd782cd\" data-element_type=\"widget\" data-e-type=\"widget\" data-widget_type=\"text-editor.default\">\n\t\t\t\t<div class=\"elementor-widget-container\">\n\t\t\t\t\t\t\t\t\t<p>Si l\u2019ombre d\u2019un doute persiste et que votre question n\u2019a pas trouv\u00e9 de r\u00e9ponse, c&rsquo;est par ici :<\/p>\t\t\t\t\t\t\t\t<\/div>\n\t\t\t\t<\/div>\n\t\t\t\t<div class=\"elementor-element elementor-element-c23c41b elementor-align-center elementor-widget elementor-widget-button\" data-id=\"c23c41b\" data-element_type=\"widget\" data-e-type=\"widget\" data-widget_type=\"button.default\">\n\t\t\t\t<div class=\"elementor-widget-container\">\n\t\t\t\t\t\t\t\t\t<div class=\"elementor-button-wrapper\">\n\t\t\t\t\t<a class=\"elementor-button elementor-button-link elementor-size-sm\" href=\"https:\/\/www.minocha.fr\/index.php\/contact\/\">\n\t\t\t\t\t\t<span class=\"elementor-button-content-wrapper\">\n\t\t\t\t\t\t\t\t\t<span class=\"elementor-button-text\">CONTACTEz L'ARCHIVISTE<\/span>\n\t\t\t\t\t<\/span>\n\t\t\t\t\t<\/a>\n\t\t\t\t<\/div>\n\t\t\t\t\t\t\t\t<\/div>\n\t\t\t\t<\/div>\n\t\t\t\t<div class=\"elementor-element elementor-element-9a76d13 elementor-widget elementor-widget-spacer\" data-id=\"9a76d13\" data-element_type=\"widget\" data-e-type=\"widget\" data-widget_type=\"spacer.default\">\n\t\t\t\t<div class=\"elementor-widget-container\">\n\t\t\t\t\t\t\t<div class=\"elementor-spacer\">\n\t\t\t<div class=\"elementor-spacer-inner\"><\/div>\n\t\t<\/div>\n\t\t\t\t\t\t<\/div>\n\t\t\t\t<\/div>\n\t\t\t\t\t<\/div>\n\t\t\t\t<\/div>\n\t\t\t\t<\/div>\n\t\t","protected":false},"excerpt":{"rendered":"<p>LE GRIMOIRE DES R\u00c9PONSES M\u00eame les plus grands explorateurs ont parfois besoin d\u2019un peu de clart\u00e9. Voici quelques r\u00e9ponses aux questions que l\u2019on nous murmure souvent entre deux lettres\u2026 Si la v\u00f4tre n\u2019y figure pas, n\u2019h\u00e9sitez pas \u00e0 \u00e9crire \u00e0 l&rsquo;Archiviste : elle se fera un plaisir d\u2019y r\u00e9pondre, plume en main. Quand vais-je recevoir [&hellip;]<\/p>\n","protected":false},"author":2,"featured_media":0,"parent":0,"menu_order":0,"comment_status":"closed","ping_status":"closed","template":"","meta":{"footnotes":""},"class_list":["post-889","page","type-page","status-publish","hentry"],"_links":{"self":[{"href":"https:\/\/www.minocha.fr\/index.php\/wp-json\/wp\/v2\/pages\/889","targetHints":{"allow":["GET"]}}],"collection":[{"href":"https:\/\/www.minocha.fr\/index.php\/wp-json\/wp\/v2\/pages"}],"about":[{"href":"https:\/\/www.minocha.fr\/index.php\/wp-json\/wp\/v2\/types\/page"}],"author":[{"embeddable":true,"href":"https:\/\/www.minocha.fr\/index.php\/wp-json\/wp\/v2\/users\/2"}],"replies":[{"embeddable":true,"href":"https:\/\/www.minocha.fr\/index.php\/wp-json\/wp\/v2\/comments?post=889"}],"version-history":[{"count":43,"href":"https:\/\/www.minocha.fr\/index.php\/wp-json\/wp\/v2\/pages\/889\/revisions"}],"predecessor-version":[{"id":1876,"href":"https:\/\/www.minocha.fr\/index.php\/wp-json\/wp\/v2\/pages\/889\/revisions\/1876"}],"wp:attachment":[{"href":"https:\/\/www.minocha.fr\/index.php\/wp-json\/wp\/v2\/media?parent=889"}],"curies":[{"name":"wp","href":"https:\/\/api.w.org\/{rel}","templated":true}]}}