{"id":1175,"date":"2025-08-29T15:34:01","date_gmt":"2025-08-29T13:34:01","guid":{"rendered":"https:\/\/www.minocha.fr\/?post_type=product&#038;p=1175"},"modified":"2025-11-25T16:37:24","modified_gmt":"2025-11-25T15:37:24","slug":"poster-a3-papillon-monarque","status":"publish","type":"product","link":"https:\/\/www.minocha.fr\/index.php\/produit\/poster-a3-papillon-monarque\/","title":{"rendered":"TIRAGE D&rsquo;ILLUSTRATION &#8211; PAPILLON MONARQUE &#8211; A3"},"content":{"rendered":"<p>Ce tirage grand format, imprim\u00e9e sur papier d\u2019art \u00e0 Limoges, est issue des illustrations originales des lettres.<br \/>\nElle retrace le cycle fascinant du papillon monarque, de la chenille \u00e0 l\u2019envol, et livre des informations essentielles sur cette esp\u00e8ce voyageuse, symbole de m\u00e9tamorphose et de fragilit\u00e9 du vivant.<br \/>\nChaque poster est sign\u00e9 du sceau d\u2019Ath\u00e9na et imprim\u00e9 en petite s\u00e9rie pour conserver sa raret\u00e9.<\/p>\n<p>\u00c0 collectionner. Ou \u00e0 garder jalousement.<\/p>\n<p><i>A3 42 x 29,7 cm<span class=\"Apple-converted-space\">\u00a0<\/span><\/i><\/p>\n<p><i>Papier haut de gamme 110 g\/m2 compos\u00e9 \u00e0 100% de fibres recycl\u00e9es post-consommation (PCW)<\/i><\/p>\n","protected":false},"excerpt":{"rendered":"<p><b>Des \u00e9clats de monde \u00e0 accrocher dans le v\u00f4tre.<\/b><\/p>\n","protected":false},"featured_media":1509,"comment_status":"open","ping_status":"closed","template":"","meta":[],"product_brand":[61],"product_cat":[29],"product_tag":[93,92,90,91,89,88,87],"class_list":{"0":"post-1175","1":"product","2":"type-product","3":"status-publish","4":"has-post-thumbnail","6":"product_brand-minocha-edition","7":"product_cat-posters","8":"product_tag-athena-minocha","9":"product_tag-botanique","10":"product_tag-illustration-vintage","11":"product_tag-naturaliste","12":"product_tag-nature-et-poesie","13":"product_tag-papillon-monarque","14":"product_tag-poster-illustre","15":"product_shipping_class-colis-leger","17":"first","18":"instock","19":"shipping-taxable","20":"purchasable","21":"product-type-simple"},"_links":{"self":[{"href":"https:\/\/www.minocha.fr\/index.php\/wp-json\/wp\/v2\/product\/1175","targetHints":{"allow":["GET"]}}],"collection":[{"href":"https:\/\/www.minocha.fr\/index.php\/wp-json\/wp\/v2\/product"}],"about":[{"href":"https:\/\/www.minocha.fr\/index.php\/wp-json\/wp\/v2\/types\/product"}],"replies":[{"embeddable":true,"href":"https:\/\/www.minocha.fr\/index.php\/wp-json\/wp\/v2\/comments?post=1175"}],"version-history":[{"count":5,"href":"https:\/\/www.minocha.fr\/index.php\/wp-json\/wp\/v2\/product\/1175\/revisions"}],"predecessor-version":[{"id":2277,"href":"https:\/\/www.minocha.fr\/index.php\/wp-json\/wp\/v2\/product\/1175\/revisions\/2277"}],"wp:featuredmedia":[{"embeddable":true,"href":"https:\/\/www.minocha.fr\/index.php\/wp-json\/wp\/v2\/media\/1509"}],"wp:attachment":[{"href":"https:\/\/www.minocha.fr\/index.php\/wp-json\/wp\/v2\/media?parent=1175"}],"wp:term":[{"taxonomy":"product_brand","embeddable":true,"href":"https:\/\/www.minocha.fr\/index.php\/wp-json\/wp\/v2\/product_brand?post=1175"},{"taxonomy":"product_cat","embeddable":true,"href":"https:\/\/www.minocha.fr\/index.php\/wp-json\/wp\/v2\/product_cat?post=1175"},{"taxonomy":"product_tag","embeddable":true,"href":"https:\/\/www.minocha.fr\/index.php\/wp-json\/wp\/v2\/product_tag?post=1175"}],"curies":[{"name":"wp","href":"https:\/\/api.w.org\/{rel}","templated":true}]}}