{"id":1840,"date":"2025-09-12T10:33:53","date_gmt":"2025-09-12T08:33:53","guid":{"rendered":"https:\/\/www.minocha.fr\/?post_type=product&#038;p=1840"},"modified":"2025-11-25T16:37:52","modified_gmt":"2025-11-25T15:37:52","slug":"poster-a3-alan-turing","status":"publish","type":"product","link":"https:\/\/www.minocha.fr\/index.php\/produit\/poster-a3-alan-turing\/","title":{"rendered":"TIRAGE D&rsquo;ILLUSTRATION &#8211; ALAN TURING &#8211; A3"},"content":{"rendered":"<p>Ce tirage grand format, imprim\u00e9e sur papier d\u2019art \u00e0 Limoges, est issue des illustrations originales des lettres.<br \/>\nElle met en lumi\u00e8re Alan Turing, figure visionnaire dont les travaux ont chang\u00e9 l\u2019histoire, en r\u00e9v\u00e9lant quelques jalons cruciaux de sa vie et de son h\u00e9ritage scientifique.<br \/>\nChaque poster est sign\u00e9 du sceau de Pers\u00e9phone et imprim\u00e9 en petite s\u00e9rie pour conserver sa raret\u00e9.<\/p>\n<p>\u00c0 collectionner. Ou \u00e0 garder jalousement.<\/p>\n<p><i>A3 42 x 29,7 cm<span class=\"Apple-converted-space\">\u00a0<\/span><\/i><\/p>\n<p><i>Papier haut de gamme 110 g\/m2 compos\u00e9 \u00e0 100% de fibres recycl\u00e9es post-consommation (PCW)<\/i><\/p>\n","protected":false},"excerpt":{"rendered":"<p><b>Des \u00e9clats de monde \u00e0 accrocher dans le v\u00f4tre.<\/b><\/p>\n","protected":false},"featured_media":1554,"comment_status":"open","ping_status":"closed","template":"","meta":[],"product_brand":[61],"product_cat":[29],"product_tag":[94,96,97,90,98,95,87],"class_list":{"0":"post-1840","1":"product","2":"type-product","3":"status-publish","4":"has-post-thumbnail","6":"product_brand-minocha-edition","7":"product_cat-posters","8":"product_tag-alan-turing","9":"product_tag-cryptographie","10":"product_tag-histoire-des-sciences","11":"product_tag-illustration-vintage","12":"product_tag-persephone-minocha","13":"product_tag-personnage-historique","14":"product_tag-poster-illustre","15":"product_shipping_class-colis-leger","17":"first","18":"instock","19":"shipping-taxable","20":"purchasable","21":"product-type-simple"},"_links":{"self":[{"href":"https:\/\/www.minocha.fr\/index.php\/wp-json\/wp\/v2\/product\/1840","targetHints":{"allow":["GET"]}}],"collection":[{"href":"https:\/\/www.minocha.fr\/index.php\/wp-json\/wp\/v2\/product"}],"about":[{"href":"https:\/\/www.minocha.fr\/index.php\/wp-json\/wp\/v2\/types\/product"}],"replies":[{"embeddable":true,"href":"https:\/\/www.minocha.fr\/index.php\/wp-json\/wp\/v2\/comments?post=1840"}],"version-history":[{"count":4,"href":"https:\/\/www.minocha.fr\/index.php\/wp-json\/wp\/v2\/product\/1840\/revisions"}],"predecessor-version":[{"id":2279,"href":"https:\/\/www.minocha.fr\/index.php\/wp-json\/wp\/v2\/product\/1840\/revisions\/2279"}],"wp:featuredmedia":[{"embeddable":true,"href":"https:\/\/www.minocha.fr\/index.php\/wp-json\/wp\/v2\/media\/1554"}],"wp:attachment":[{"href":"https:\/\/www.minocha.fr\/index.php\/wp-json\/wp\/v2\/media?parent=1840"}],"wp:term":[{"taxonomy":"product_brand","embeddable":true,"href":"https:\/\/www.minocha.fr\/index.php\/wp-json\/wp\/v2\/product_brand?post=1840"},{"taxonomy":"product_cat","embeddable":true,"href":"https:\/\/www.minocha.fr\/index.php\/wp-json\/wp\/v2\/product_cat?post=1840"},{"taxonomy":"product_tag","embeddable":true,"href":"https:\/\/www.minocha.fr\/index.php\/wp-json\/wp\/v2\/product_tag?post=1840"}],"curies":[{"name":"wp","href":"https:\/\/api.w.org\/{rel}","templated":true}]}}