{"id":2201,"date":"2025-10-17T16:56:24","date_gmt":"2025-10-17T14:56:24","guid":{"rendered":"https:\/\/www.minocha.fr\/?post_type=product&#038;p=2201"},"modified":"2026-03-06T20:48:12","modified_gmt":"2026-03-06T19:48:12","slug":"lettre-de-larchiviste-edition-doctobre-quantite-limitee","status":"publish","type":"product","link":"https:\/\/www.minocha.fr\/index.php\/produit\/lettre-de-larchiviste-edition-doctobre-quantite-limitee\/","title":{"rendered":"Lettre de l\u2019Archiviste \u2013 \u00c9dition d&rsquo;Octobre &#8211; quantit\u00e9 limit\u00e9e"},"content":{"rendered":"<p data-start=\"3264\" data-end=\"3630\">L\u2019air sent la cire chaude et le papier ancien.<br data-start=\"3340\" data-end=\"3343\" \/>Dans l&rsquo;atelier, les horloges bruissent, les douces odeurs flottent \u00a0et l\u2019Archiviste consigne les \u00e9v\u00e8nements \u00e9tranges du mois pass\u00e9. Ses notes racontent les rumeurs venues du Bureau d\u2019Ath\u00e9na, les premi\u00e8res \u00e9bauches d\u2019un projet class\u00e9 confidentiel.<\/p>\n<p data-start=\"3632\" data-end=\"3992\">La <strong data-start=\"3635\" data-end=\"3657\">Lettre d&rsquo;Octobre<\/strong>\u00a0contient :<\/p>\n<p data-start=\"3632\" data-end=\"3992\">\u2013 Une enveloppe noire calligraphi\u00e9e en dor\u00e9 et cachet\u00e9e \u00e0 la cire<\/p>\n<p data-start=\"3632\" data-end=\"3992\">\u2013 un pliage victorien illustr\u00e9, d\u00e9ploy\u00e9 \u00e0 la mani\u00e8re d\u2019un secret ancien. Une fois ouvert, il d\u00e9voile ses pans de papier (29&#215;29 cm) et ses fragments de beaut\u00e9 :<br data-start=\"3819\" data-end=\"3822\" \/>\u2013 une <strong data-start=\"3828\" data-end=\"3865\">lettre manuscrite de l\u2019Archiviste<\/strong>,<br data-start=\"3866\" data-end=\"3869\" \/>\u2013 <strong data-start=\"3871\" data-end=\"3905\">trois mini illustrations exclusives<\/strong>,<br data-start=\"3906\" data-end=\"3909\" \/>\u2013 et une <strong data-start=\"3918\" data-end=\"3952\">carte issue du bureau d\u2019Ath\u00e9na<\/strong>.<\/p>\n<p data-start=\"3994\" data-end=\"4112\">Une pi\u00e8ce de collection en \u00e9dition limit\u00e9e, enti\u00e8rement confectionn\u00e9e et imprim\u00e9e dans les ateliers de Minocha Corp.<\/p>\n<p data-start=\"4352\" data-end=\"4532\"><strong data-start=\"4352\" data-end=\"4380\">Informations pratiques :<\/strong><br data-start=\"4380\" data-end=\"4383\" \/>\u00c9dition unique, disponible jusqu\u2019\u00e0 \u00e9puisement des stocks.<br data-start=\"4440\" data-end=\"4443\" \/>Exp\u00e9dition \u00e0 partir du 20 octobre 2025.<\/p>\n","protected":false},"excerpt":{"rendered":"<p>Une \u00e9dition unique tout droit sortie des ateliers de Minocha Corp.<\/p>\n","protected":false},"featured_media":2196,"comment_status":"open","ping_status":"closed","template":"","meta":[],"product_brand":[61],"product_cat":[113],"product_tag":[69,123,120,121,116,118,122,114,124],"class_list":{"0":"post-2201","1":"product","2":"type-product","3":"status-publish","4":"has-post-thumbnail","6":"product_brand-minocha-edition","7":"product_cat-snail-mail","8":"product_tag-correspondance-vintage","9":"product_tag-edition-limitee","10":"product_tag-lettre-de-collection","11":"product_tag-lettre-manuscrite","12":"product_tag-minocha-corp","13":"product_tag-papeterie-artisanale","14":"product_tag-pliage-victorien","15":"product_tag-snail-mail","16":"product_tag-univers-immersif","17":"product_shipping_class-abonnement-1","19":"first","20":"instock","21":"shipping-taxable","22":"purchasable","23":"product-type-simple"},"_links":{"self":[{"href":"https:\/\/www.minocha.fr\/index.php\/wp-json\/wp\/v2\/product\/2201","targetHints":{"allow":["GET"]}}],"collection":[{"href":"https:\/\/www.minocha.fr\/index.php\/wp-json\/wp\/v2\/product"}],"about":[{"href":"https:\/\/www.minocha.fr\/index.php\/wp-json\/wp\/v2\/types\/product"}],"replies":[{"embeddable":true,"href":"https:\/\/www.minocha.fr\/index.php\/wp-json\/wp\/v2\/comments?post=2201"}],"version-history":[{"count":2,"href":"https:\/\/www.minocha.fr\/index.php\/wp-json\/wp\/v2\/product\/2201\/revisions"}],"predecessor-version":[{"id":2966,"href":"https:\/\/www.minocha.fr\/index.php\/wp-json\/wp\/v2\/product\/2201\/revisions\/2966"}],"wp:featuredmedia":[{"embeddable":true,"href":"https:\/\/www.minocha.fr\/index.php\/wp-json\/wp\/v2\/media\/2196"}],"wp:attachment":[{"href":"https:\/\/www.minocha.fr\/index.php\/wp-json\/wp\/v2\/media?parent=2201"}],"wp:term":[{"taxonomy":"product_brand","embeddable":true,"href":"https:\/\/www.minocha.fr\/index.php\/wp-json\/wp\/v2\/product_brand?post=2201"},{"taxonomy":"product_cat","embeddable":true,"href":"https:\/\/www.minocha.fr\/index.php\/wp-json\/wp\/v2\/product_cat?post=2201"},{"taxonomy":"product_tag","embeddable":true,"href":"https:\/\/www.minocha.fr\/index.php\/wp-json\/wp\/v2\/product_tag?post=2201"}],"curies":[{"name":"wp","href":"https:\/\/api.w.org\/{rel}","templated":true}]}}