{"id":2244,"date":"2025-11-12T12:20:40","date_gmt":"2025-11-12T11:20:40","guid":{"rendered":"https:\/\/www.minocha.fr\/?post_type=product&#038;p=2244"},"modified":"2026-03-09T12:56:34","modified_gmt":"2026-03-09T11:56:34","slug":"lettre-de-larchiviste-edition-de-novembre-quantite-limitee","status":"publish","type":"product","link":"https:\/\/www.minocha.fr\/index.php\/produit\/lettre-de-larchiviste-edition-de-novembre-quantite-limitee\/","title":{"rendered":"Lettre de l\u2019Archiviste \u2013 \u00c9dition de Novembre- quantit\u00e9 limit\u00e9e"},"content":{"rendered":"<h3 data-start=\"118\" data-end=\"147\"><strong data-start=\"122\" data-end=\"147\">La Lettre de Novembre<\/strong><\/h3>\n<p data-start=\"149\" data-end=\"515\">Le parfum de cannelle flotte dans l\u2019air, m\u00eal\u00e9 \u00e0 celui du cuir et de l\u2019encre fra\u00eeche.<br data-start=\"233\" data-end=\"236\" \/>Dans le calme feutr\u00e9 des ateliers, l\u2019Archiviste referme son grimoire : les pages bruissent d\u2019histoires automnales, de secrets scell\u00e9s et d\u2019ar\u00f4mes sucr\u00e9s. Ses mots racontent la douceur d\u2019un feu de chemin\u00e9e, l\u2019\u00e9cho des premi\u00e8res pluies et la pr\u00e9paration d\u2019un myst\u00e9rieux parfum.<\/p>\n<p data-start=\"517\" data-end=\"1067\">La <strong data-start=\"520\" data-end=\"542\">Lettre de Novembre<\/strong> contient :<br data-start=\"553\" data-end=\"556\" \/>\u2013 une <strong data-start=\"562\" data-end=\"600\">enveloppe cachet\u00e9e \u00e0 la cire dor\u00e9e<\/strong>, calligraphi\u00e9e \u00e0 la main,<br data-start=\"626\" data-end=\"629\" \/>\u2013 la <strong data-start=\"668\" data-end=\"705\">lettre manuscrite de l\u2019Archiviste<\/strong>,<br data-start=\"706\" data-end=\"709\" \/>\u2013 une <strong data-start=\"715\" data-end=\"741\">illustration exclusive<\/strong>,<br data-start=\"742\" data-end=\"745\" \/>\u2013 une <strong data-start=\"751\" data-end=\"789\">mini planche de stickers automnale<\/strong>,<br data-start=\"790\" data-end=\"793\" \/>\u2013 une <strong data-start=\"799\" data-end=\"834\">carte-recette des cinnamon buns<\/strong>,<br data-start=\"835\" data-end=\"838\" \/>\u2013 une <strong data-start=\"844\" data-end=\"873\">feuille en cuir v\u00e9ritable<\/strong>, fa\u00e7onn\u00e9e dans les ateliers de Minocha Corp. (pouvant servir de pendentif, marque-page ou d\u00e9coration),<br data-start=\"976\" data-end=\"979\" \/>\u2013 et un <strong data-start=\"987\" data-end=\"1045\">\u00e9chantillon exclusif du nouveau parfum Minocha Candles<\/strong>, en avant-premi\u00e8re.<\/p>\n<p data-start=\"1069\" data-end=\"1180\">Une cr\u00e9ation d\u2019automne en \u00e9dition limit\u00e9e, assembl\u00e9e et imprim\u00e9e \u00e0 la main dans les ateliers de Minocha Corp.<\/p>\n<p data-start=\"1182\" data-end=\"1423\"><strong data-start=\"1182\" data-end=\"1210\">Informations pratiques :<\/strong><br data-start=\"1210\" data-end=\"1213\" \/>\u00c9dition unique, disponible jusqu\u2019\u00e0 \u00e9puisement des stocks.<br data-start=\"1270\" data-end=\"1273\" \/>Exp\u00e9dition \u00e0 partir du <strong data-start=\"1296\" data-end=\"1316\">20 novembre 2025<\/strong>.<br data-start=\"1317\" data-end=\"1320\" \/>Disponible \u00e0 l\u2019unit\u00e9 ou via abonnement (9\u20ac en France, 11\u20ac \u00e0 l\u2019\u00e9tranger).<br data-start=\"1392\" data-end=\"1395\" \/>Version anglaise disponible.<\/p>\n","protected":false},"excerpt":{"rendered":"<p>Une \u00e9dition unique tout droit sortie des ateliers de Minocha Corp.<\/p>\n","protected":false},"featured_media":2245,"comment_status":"open","ping_status":"closed","template":"","meta":[],"product_brand":[61],"product_cat":[113],"product_tag":[69,123,120,121,116,118,122,114,124],"class_list":{"0":"post-2244","1":"product","2":"type-product","3":"status-publish","4":"has-post-thumbnail","6":"product_brand-minocha-edition","7":"product_cat-snail-mail","8":"product_tag-correspondance-vintage","9":"product_tag-edition-limitee","10":"product_tag-lettre-de-collection","11":"product_tag-lettre-manuscrite","12":"product_tag-minocha-corp","13":"product_tag-papeterie-artisanale","14":"product_tag-pliage-victorien","15":"product_tag-snail-mail","16":"product_tag-univers-immersif","17":"product_shipping_class-abonnement-1","19":"first","20":"outofstock","21":"shipping-taxable","22":"purchasable","23":"product-type-simple"},"_links":{"self":[{"href":"https:\/\/www.minocha.fr\/index.php\/wp-json\/wp\/v2\/product\/2244","targetHints":{"allow":["GET"]}}],"collection":[{"href":"https:\/\/www.minocha.fr\/index.php\/wp-json\/wp\/v2\/product"}],"about":[{"href":"https:\/\/www.minocha.fr\/index.php\/wp-json\/wp\/v2\/types\/product"}],"replies":[{"embeddable":true,"href":"https:\/\/www.minocha.fr\/index.php\/wp-json\/wp\/v2\/comments?post=2244"}],"version-history":[{"count":2,"href":"https:\/\/www.minocha.fr\/index.php\/wp-json\/wp\/v2\/product\/2244\/revisions"}],"predecessor-version":[{"id":2967,"href":"https:\/\/www.minocha.fr\/index.php\/wp-json\/wp\/v2\/product\/2244\/revisions\/2967"}],"wp:featuredmedia":[{"embeddable":true,"href":"https:\/\/www.minocha.fr\/index.php\/wp-json\/wp\/v2\/media\/2245"}],"wp:attachment":[{"href":"https:\/\/www.minocha.fr\/index.php\/wp-json\/wp\/v2\/media?parent=2244"}],"wp:term":[{"taxonomy":"product_brand","embeddable":true,"href":"https:\/\/www.minocha.fr\/index.php\/wp-json\/wp\/v2\/product_brand?post=2244"},{"taxonomy":"product_cat","embeddable":true,"href":"https:\/\/www.minocha.fr\/index.php\/wp-json\/wp\/v2\/product_cat?post=2244"},{"taxonomy":"product_tag","embeddable":true,"href":"https:\/\/www.minocha.fr\/index.php\/wp-json\/wp\/v2\/product_tag?post=2244"}],"curies":[{"name":"wp","href":"https:\/\/api.w.org\/{rel}","templated":true}]}}