{"id":2304,"date":"2025-11-25T17:03:45","date_gmt":"2025-11-25T16:03:45","guid":{"rendered":"https:\/\/www.minocha.fr\/?post_type=product&#038;p=2304"},"modified":"2026-02-19T13:35:47","modified_gmt":"2026-02-19T12:35:47","slug":"tirage-dillustration-olympe-de-gouges-a3","status":"publish","type":"product","link":"https:\/\/www.minocha.fr\/index.php\/produit\/tirage-dillustration-olympe-de-gouges-a3\/","title":{"rendered":"TIRAGE D&rsquo;ILLUSTRATION &#8211; OLYMPE DE GOUGES &#8211; A3"},"content":{"rendered":"<p>Ce tirage grand format, imprim\u00e9e sur papier d\u2019art \u00e0 Limoges, est issue des illustrations originales des lettres.<br \/>\nElle met en lumi\u00e8re Olympe de Gouges, figure visionnaire qui a chang\u00e9 l\u2019histoire, en r\u00e9v\u00e9lant quelques jalons cruciaux de sa vie et de son h\u00e9ritage f\u00e9ministe.<br \/>\nChaque poster est sign\u00e9 du sceau de Pers\u00e9phone et imprim\u00e9 en petite s\u00e9rie pour conserver sa raret\u00e9.<\/p>\n<p>\u00c0 collectionner. Ou \u00e0 garder jalousement.<\/p>\n<p><i>A3 42 x 29,7 cm<span class=\"Apple-converted-space\">\u00a0<\/span><\/i><\/p>\n<p><i>Papier haut de gamme 110 g\/m2 compos\u00e9 \u00e0 100% de fibres recycl\u00e9es post-consommation (PCW)<\/i><\/p>\n","protected":false},"excerpt":{"rendered":"<p><b>Des \u00e9clats de monde \u00e0 accrocher dans le v\u00f4tre.<\/b><\/p>\n","protected":false},"featured_media":2308,"comment_status":"open","ping_status":"closed","template":"","meta":[],"product_brand":[61],"product_cat":[29],"product_tag":[134,90,98,95,87,135],"class_list":{"0":"post-2304","1":"product","2":"type-product","3":"status-publish","4":"has-post-thumbnail","6":"product_brand-minocha-edition","7":"product_cat-posters","8":"product_tag-feminisme","9":"product_tag-illustration-vintage","10":"product_tag-persephone-minocha","11":"product_tag-personnage-historique","12":"product_tag-poster-illustre","13":"product_tag-revolution-francaise","14":"product_shipping_class-colis-leger","16":"first","17":"instock","18":"shipping-taxable","19":"purchasable","20":"product-type-simple"},"_links":{"self":[{"href":"https:\/\/www.minocha.fr\/index.php\/wp-json\/wp\/v2\/product\/2304","targetHints":{"allow":["GET"]}}],"collection":[{"href":"https:\/\/www.minocha.fr\/index.php\/wp-json\/wp\/v2\/product"}],"about":[{"href":"https:\/\/www.minocha.fr\/index.php\/wp-json\/wp\/v2\/types\/product"}],"replies":[{"embeddable":true,"href":"https:\/\/www.minocha.fr\/index.php\/wp-json\/wp\/v2\/comments?post=2304"}],"version-history":[{"count":2,"href":"https:\/\/www.minocha.fr\/index.php\/wp-json\/wp\/v2\/product\/2304\/revisions"}],"predecessor-version":[{"id":2894,"href":"https:\/\/www.minocha.fr\/index.php\/wp-json\/wp\/v2\/product\/2304\/revisions\/2894"}],"wp:featuredmedia":[{"embeddable":true,"href":"https:\/\/www.minocha.fr\/index.php\/wp-json\/wp\/v2\/media\/2308"}],"wp:attachment":[{"href":"https:\/\/www.minocha.fr\/index.php\/wp-json\/wp\/v2\/media?parent=2304"}],"wp:term":[{"taxonomy":"product_brand","embeddable":true,"href":"https:\/\/www.minocha.fr\/index.php\/wp-json\/wp\/v2\/product_brand?post=2304"},{"taxonomy":"product_cat","embeddable":true,"href":"https:\/\/www.minocha.fr\/index.php\/wp-json\/wp\/v2\/product_cat?post=2304"},{"taxonomy":"product_tag","embeddable":true,"href":"https:\/\/www.minocha.fr\/index.php\/wp-json\/wp\/v2\/product_tag?post=2304"}],"curies":[{"name":"wp","href":"https:\/\/api.w.org\/{rel}","templated":true}]}}