{"id":2331,"date":"2025-11-30T16:40:01","date_gmt":"2025-11-30T15:40:01","guid":{"rendered":"https:\/\/www.minocha.fr\/?post_type=product&#038;p=2331"},"modified":"2025-11-30T17:20:58","modified_gmt":"2025-11-30T16:20:58","slug":"mini-calendrier-2026-collection-encre-secrets-12-marque-pages","status":"publish","type":"product","link":"https:\/\/www.minocha.fr\/index.php\/produit\/mini-calendrier-2026-collection-encre-secrets-12-marque-pages\/","title":{"rendered":"MINI CALENDRIER 2026 \u2014 Collection \u201cEncre &#038; Secrets\u201d (12 marque-pages)"},"content":{"rendered":"<p data-start=\"433\" data-end=\"775\">Plongez dans une ann\u00e9e 2026 baign\u00e9e de myst\u00e8re, de po\u00e9sie et d\u2019illustrations anciennes avec le <strong data-start=\"528\" data-end=\"567\">Mini Calendrier \u00ab Encre &amp; Secrets \u00bb<\/strong>.<br data-start=\"568\" data-end=\"571\" \/>Compos\u00e9 de <strong data-start=\"582\" data-end=\"611\">12 marque-pages illustr\u00e9s<\/strong> (5,8 \u00d7 14,1 cm), un pour chaque mois, ce calendrier se glisse dans vos livres, carnets et journaux pour accompagner votre quotidien d\u2019une touche de magie discr\u00e8te.<\/p>\n<p data-start=\"777\" data-end=\"982\">Chaque carte est imprim\u00e9e sur un <strong data-start=\"810\" data-end=\"835\">papier bamboo naturel<\/strong>, doux au toucher, respectueux de l\u2019environnement, et parfaitement adapt\u00e9 aux encres fines caract\u00e9ristiques de Minocha Corp.<br data-start=\"959\" data-end=\"962\" \/>Chaque mois r\u00e9v\u00e8le :<\/p>\n<ul data-start=\"984\" data-end=\"1406\">\n<li data-start=\"984\" data-end=\"1085\">\n<p data-start=\"986\" data-end=\"1085\"><strong data-start=\"986\" data-end=\"1018\">Une illustration encre noire<\/strong>, inspir\u00e9e des cabinets de curiosit\u00e9s et de l\u2019esth\u00e9tique Minocha.<\/p>\n<\/li>\n<li data-start=\"1086\" data-end=\"1153\">\n<p data-start=\"1088\" data-end=\"1153\"><strong data-start=\"1088\" data-end=\"1116\">Un petit po\u00e8me cryptique<\/strong>, murmure de sagesse ou de myst\u00e8re.<\/p>\n<\/li>\n<li data-start=\"1154\" data-end=\"1227\">\n<p data-start=\"1156\" data-end=\"1227\"><strong data-start=\"1156\" data-end=\"1185\">Un calendrier minimaliste<\/strong>, pens\u00e9 pour ne montrer que l\u2019essentiel.<\/p>\n<\/li>\n<li data-start=\"1228\" data-end=\"1406\">\n<p data-start=\"1230\" data-end=\"1406\"><strong data-start=\"1230\" data-end=\"1264\">Le verso \u201cMes tr\u00e9sors du mois\u201d<\/strong>, une liste \u00e0 compl\u00e9ter pour garder trace de vos d\u00e9couvertes favorites :<br data-start=\"1336\" data-end=\"1339\" \/><strong data-start=\"1341\" data-end=\"1405\">Livre \u2014 Musique \u2014 Tisane \/ Boisson \u2014 Film \/ S\u00e9rie \u2014 Citation<\/strong>.<\/p>\n<\/li>\n<\/ul>\n<p data-start=\"1408\" data-end=\"1531\">Un compagnon id\u00e9al pour les amoureux de papeterie, de rituels doux et de petites choses qui racontent de grandes histoires.<\/p>\n<p data-start=\"1533\" data-end=\"1639\">Imprim\u00e9 et fa\u00e7onn\u00e9 dans l\u2019<strong data-start=\"1559\" data-end=\"1578\">Atelier Minocha<\/strong>, o\u00f9 chaque cr\u00e9ation est manipul\u00e9e comme une pi\u00e8ce d\u2019archive.<\/p>\n","protected":false},"excerpt":{"rendered":"<p><b>Imagin\u00e9 &amp; imprim\u00e9 dans l\u2019Atelier Minocha.<\/b><\/p>\n","protected":false},"featured_media":2334,"comment_status":"open","ping_status":"closed","template":"","meta":[],"product_brand":[61],"product_cat":[29],"product_tag":[140,143,90,142,141,89,144],"class_list":{"0":"post-2331","1":"product","2":"type-product","3":"status-publish","4":"has-post-thumbnail","6":"product_brand-minocha-edition","7":"product_cat-posters","8":"product_tag-calendrier","9":"product_tag-illustration-poetique","10":"product_tag-illustration-vintage","11":"product_tag-marque-page","12":"product_tag-mini-calendrier","13":"product_tag-nature-et-poesie","14":"product_tag-poeme","15":"product_shipping_class-abonnement-1","17":"first","18":"instock","19":"shipping-taxable","20":"purchasable","21":"product-type-simple"},"_links":{"self":[{"href":"https:\/\/www.minocha.fr\/index.php\/wp-json\/wp\/v2\/product\/2331","targetHints":{"allow":["GET"]}}],"collection":[{"href":"https:\/\/www.minocha.fr\/index.php\/wp-json\/wp\/v2\/product"}],"about":[{"href":"https:\/\/www.minocha.fr\/index.php\/wp-json\/wp\/v2\/types\/product"}],"replies":[{"embeddable":true,"href":"https:\/\/www.minocha.fr\/index.php\/wp-json\/wp\/v2\/comments?post=2331"}],"version-history":[{"count":1,"href":"https:\/\/www.minocha.fr\/index.php\/wp-json\/wp\/v2\/product\/2331\/revisions"}],"predecessor-version":[{"id":2351,"href":"https:\/\/www.minocha.fr\/index.php\/wp-json\/wp\/v2\/product\/2331\/revisions\/2351"}],"wp:featuredmedia":[{"embeddable":true,"href":"https:\/\/www.minocha.fr\/index.php\/wp-json\/wp\/v2\/media\/2334"}],"wp:attachment":[{"href":"https:\/\/www.minocha.fr\/index.php\/wp-json\/wp\/v2\/media?parent=2331"}],"wp:term":[{"taxonomy":"product_brand","embeddable":true,"href":"https:\/\/www.minocha.fr\/index.php\/wp-json\/wp\/v2\/product_brand?post=2331"},{"taxonomy":"product_cat","embeddable":true,"href":"https:\/\/www.minocha.fr\/index.php\/wp-json\/wp\/v2\/product_cat?post=2331"},{"taxonomy":"product_tag","embeddable":true,"href":"https:\/\/www.minocha.fr\/index.php\/wp-json\/wp\/v2\/product_tag?post=2331"}],"curies":[{"name":"wp","href":"https:\/\/api.w.org\/{rel}","templated":true}]}}