{"id":2353,"date":"2025-12-05T18:35:35","date_gmt":"2025-12-05T17:35:35","guid":{"rendered":"https:\/\/www.minocha.fr\/?post_type=product&#038;p=2353"},"modified":"2026-03-06T21:23:59","modified_gmt":"2026-03-06T20:23:59","slug":"lettre-de-larchiviste-edition-de-decembre-quantite-limitee","status":"publish","type":"product","link":"https:\/\/www.minocha.fr\/index.php\/produit\/lettre-de-larchiviste-edition-de-decembre-quantite-limitee\/","title":{"rendered":"Lettre de l\u2019Archiviste \u2013 \u00c9dition de D\u00e9cembre- quantit\u00e9 limit\u00e9e"},"content":{"rendered":"<h3 data-start=\"118\" data-end=\"147\"><strong data-start=\"122\" data-end=\"147\">La Lettre de D\u00e9cembre<\/strong><\/h3>\n<p data-start=\"0\" data-end=\"188\">Dans le calme feutr\u00e9 de l&rsquo;atelier, l\u2019Archiviste ouvre un nouveau chapitre de son grimoire : les pages bruissent de traditions anciennes, de branches de houx et de rubans soigneusement nou\u00e9s. Ses mots racontent la transformation lente d\u2019une maison qui se pare de rouge profond et de verts tendres, o\u00f9 chaque guirlande, chaque bougie et chaque ornement pr\u00e9pare l\u2019arriv\u00e9e de la lumi\u00e8re. Entre d\u00e9corations d&rsquo;enfance et lumi\u00e8res scintillantes, l\u2019hiver devient une promesse de chaleur et de magie.<\/p>\n<p data-start=\"517\" data-end=\"1067\">La <strong data-start=\"520\" data-end=\"542\">Lettre de D\u00e9cembre<\/strong>\u00a0contient :<br data-start=\"553\" data-end=\"556\" \/>\u2013 une <strong data-start=\"562\" data-end=\"600\">enveloppe cachet\u00e9e \u00e0 la cire dor\u00e9e<\/strong>, calligraphi\u00e9e \u00e0 la main,<br data-start=\"706\" data-end=\"709\" \/>\u2013 une <strong data-start=\"715\" data-end=\"741\">quatre premiers mois du calendrier marque-pages Minocha<\/strong>,<br data-start=\"742\" data-end=\"745\" \/>\u2013 une <strong data-start=\"751\" data-end=\"789\">planche A6 de stickers de Yule<\/strong>,<\/p>\n<p data-start=\"1069\" data-end=\"1180\">Une cr\u00e9ation d&rsquo;hiver en \u00e9dition limit\u00e9e, assembl\u00e9e et imprim\u00e9e \u00e0 la main dans les ateliers de Minocha Corp.<\/p>\n<p data-start=\"1182\" data-end=\"1423\"><strong data-start=\"1182\" data-end=\"1210\">Informations pratiques :<\/strong><br data-start=\"1210\" data-end=\"1213\" \/>\u00c9dition unique, disponible jusqu\u2019\u00e0 \u00e9puisement des stocks.<br data-start=\"1270\" data-end=\"1273\" \/>Exp\u00e9dition \u00e0 partir du <strong data-start=\"1296\" data-end=\"1316\">20 d\u00e9cembre 2025<\/strong>.<br data-start=\"1317\" data-end=\"1320\" \/>Disponible \u00e0 l\u2019unit\u00e9 ou via abonnement (9\u20ac en France, 11\u20ac \u00e0 l\u2019\u00e9tranger).<br data-start=\"1392\" data-end=\"1395\" \/>Version anglaise disponible sur demande.<\/p>\n","protected":false},"excerpt":{"rendered":"<p>Une \u00e9dition unique tout droit sortie des ateliers de Minocha Corp.<\/p>\n","protected":false},"featured_media":2355,"comment_status":"open","ping_status":"closed","template":"","meta":[],"product_brand":[61],"product_cat":[113],"product_tag":[69,123,120,121,116,118,122,114,124],"class_list":{"0":"post-2353","1":"product","2":"type-product","3":"status-publish","4":"has-post-thumbnail","6":"product_brand-minocha-edition","7":"product_cat-snail-mail","8":"product_tag-correspondance-vintage","9":"product_tag-edition-limitee","10":"product_tag-lettre-de-collection","11":"product_tag-lettre-manuscrite","12":"product_tag-minocha-corp","13":"product_tag-papeterie-artisanale","14":"product_tag-pliage-victorien","15":"product_tag-snail-mail","16":"product_tag-univers-immersif","17":"product_shipping_class-abonnement-1","19":"first","20":"instock","21":"shipping-taxable","22":"purchasable","23":"product-type-variable"},"_links":{"self":[{"href":"https:\/\/www.minocha.fr\/index.php\/wp-json\/wp\/v2\/product\/2353","targetHints":{"allow":["GET"]}}],"collection":[{"href":"https:\/\/www.minocha.fr\/index.php\/wp-json\/wp\/v2\/product"}],"about":[{"href":"https:\/\/www.minocha.fr\/index.php\/wp-json\/wp\/v2\/types\/product"}],"replies":[{"embeddable":true,"href":"https:\/\/www.minocha.fr\/index.php\/wp-json\/wp\/v2\/comments?post=2353"}],"version-history":[{"count":4,"href":"https:\/\/www.minocha.fr\/index.php\/wp-json\/wp\/v2\/product\/2353\/revisions"}],"predecessor-version":[{"id":2969,"href":"https:\/\/www.minocha.fr\/index.php\/wp-json\/wp\/v2\/product\/2353\/revisions\/2969"}],"wp:featuredmedia":[{"embeddable":true,"href":"https:\/\/www.minocha.fr\/index.php\/wp-json\/wp\/v2\/media\/2355"}],"wp:attachment":[{"href":"https:\/\/www.minocha.fr\/index.php\/wp-json\/wp\/v2\/media?parent=2353"}],"wp:term":[{"taxonomy":"product_brand","embeddable":true,"href":"https:\/\/www.minocha.fr\/index.php\/wp-json\/wp\/v2\/product_brand?post=2353"},{"taxonomy":"product_cat","embeddable":true,"href":"https:\/\/www.minocha.fr\/index.php\/wp-json\/wp\/v2\/product_cat?post=2353"},{"taxonomy":"product_tag","embeddable":true,"href":"https:\/\/www.minocha.fr\/index.php\/wp-json\/wp\/v2\/product_tag?post=2353"}],"curies":[{"name":"wp","href":"https:\/\/api.w.org\/{rel}","templated":true}]}}