{"id":2413,"date":"2026-01-13T19:30:16","date_gmt":"2026-01-13T18:30:16","guid":{"rendered":"https:\/\/www.minocha.fr\/?post_type=product&#038;p=2413"},"modified":"2026-03-07T09:31:19","modified_gmt":"2026-03-07T08:31:19","slug":"lettre-de-larchiviste-edition-de-janvier-quantite-limitee","status":"publish","type":"product","link":"https:\/\/www.minocha.fr\/index.php\/produit\/lettre-de-larchiviste-edition-de-janvier-quantite-limitee\/","title":{"rendered":"Lettre de l\u2019Archiviste \u2013 \u00c9dition de Janvier &#8211; quantit\u00e9 limit\u00e9e"},"content":{"rendered":"<h3 data-start=\"118\" data-end=\"147\"><strong data-start=\"122\" data-end=\"147\">La Lettre de Janvier<\/strong><\/h3>\n<p data-start=\"149\" data-end=\"515\">Le parfum de r\u00e9sine flotte dans l\u2019air, m\u00eal\u00e9 \u00e0 celui du cuir et de l\u2019encre fra\u00eeche.<br data-start=\"250\" data-end=\"253\" \/>Dans le calme feutr\u00e9 de l&rsquo;atelier, l\u2019Archiviste referme son carnet : les pages bruissent comme le faux silence de l\u2019hiver, de d\u00e9p\u00f4ts confi\u00e9s \u00e0 la terre et de promesses encore sans nom. Elle raconte la lenteur d\u2019une nuit longue, le souffle froid contre les vitres et le travail invisible des racines sous le sol endormi.<\/p>\n<p data-start=\"517\" data-end=\"1067\">La <strong data-start=\"520\" data-end=\"542\">Lettre de Janvier<\/strong>\u00a0contient :<\/p>\n<p data-start=\"517\" data-end=\"1067\"><br data-start=\"553\" data-end=\"556\" \/>\u2013 une <strong data-start=\"562\" data-end=\"600\">enveloppe cachet\u00e9e \u00e0 la cire dor\u00e9e<\/strong>, calligraphi\u00e9e \u00e0 la main,<\/p>\n<p data-start=\"517\" data-end=\"1067\">\u2013 un <strong>rituel myst\u00e9rieux et son t\u00e9moin en bois grav\u00e9<\/strong><\/p>\n<p data-start=\"517\" data-end=\"1067\">\u2013 une <b>planche illustr\u00e9e de ce qu&rsquo;on d\u00e9pose \u00e0 Terre au coeur de l&rsquo;hiver<\/b><\/p>\n<p data-start=\"517\" data-end=\"1067\">\u2013 la premi\u00e8re <strong data-start=\"751\" data-end=\"789\">carte des d\u00e9esses : Ath\u00e9na<\/strong><\/p>\n<p data-start=\"1069\" data-end=\"1180\">Une cr\u00e9ation d&rsquo;hiver en \u00e9dition limit\u00e9e, assembl\u00e9e et imprim\u00e9e \u00e0 la main dans les ateliers de Minocha Corp.<\/p>\n<p data-start=\"1182\" data-end=\"1423\"><strong data-start=\"1182\" data-end=\"1210\">Informations pratiques :<\/strong><br data-start=\"1210\" data-end=\"1213\" \/>\u00c9dition unique, disponible jusqu\u2019\u00e0 \u00e9puisement des stocks.<br data-start=\"1270\" data-end=\"1273\" \/>Exp\u00e9dition \u00e0 partir du <strong data-start=\"1296\" data-end=\"1316\">20 janvier 2026<\/strong>.<br data-start=\"1317\" data-end=\"1320\" \/>Disponible \u00e0 l\u2019unit\u00e9 ou via abonnement (9\u20ac en France, 11\u20ac \u00e0 l\u2019\u00e9tranger).<br data-start=\"1392\" data-end=\"1395\" \/>Version anglaise disponible sur demande.<\/p>\n","protected":false},"excerpt":{"rendered":"<p>Une \u00e9dition unique tout droit sortie des ateliers de Minocha Corp.<\/p>\n","protected":false},"featured_media":2414,"comment_status":"open","ping_status":"closed","template":"","meta":[],"product_brand":[61],"product_cat":[113],"product_tag":[69,123,120,121,116,118,122,114,124],"class_list":{"0":"post-2413","1":"product","2":"type-product","3":"status-publish","4":"has-post-thumbnail","6":"product_brand-minocha-edition","7":"product_cat-snail-mail","8":"product_tag-correspondance-vintage","9":"product_tag-edition-limitee","10":"product_tag-lettre-de-collection","11":"product_tag-lettre-manuscrite","12":"product_tag-minocha-corp","13":"product_tag-papeterie-artisanale","14":"product_tag-pliage-victorien","15":"product_tag-snail-mail","16":"product_tag-univers-immersif","17":"product_shipping_class-abonnement-1","19":"first","20":"instock","21":"shipping-taxable","22":"purchasable","23":"product-type-variable"},"_links":{"self":[{"href":"https:\/\/www.minocha.fr\/index.php\/wp-json\/wp\/v2\/product\/2413","targetHints":{"allow":["GET"]}}],"collection":[{"href":"https:\/\/www.minocha.fr\/index.php\/wp-json\/wp\/v2\/product"}],"about":[{"href":"https:\/\/www.minocha.fr\/index.php\/wp-json\/wp\/v2\/types\/product"}],"replies":[{"embeddable":true,"href":"https:\/\/www.minocha.fr\/index.php\/wp-json\/wp\/v2\/comments?post=2413"}],"version-history":[{"count":4,"href":"https:\/\/www.minocha.fr\/index.php\/wp-json\/wp\/v2\/product\/2413\/revisions"}],"predecessor-version":[{"id":2971,"href":"https:\/\/www.minocha.fr\/index.php\/wp-json\/wp\/v2\/product\/2413\/revisions\/2971"}],"wp:featuredmedia":[{"embeddable":true,"href":"https:\/\/www.minocha.fr\/index.php\/wp-json\/wp\/v2\/media\/2414"}],"wp:attachment":[{"href":"https:\/\/www.minocha.fr\/index.php\/wp-json\/wp\/v2\/media?parent=2413"}],"wp:term":[{"taxonomy":"product_brand","embeddable":true,"href":"https:\/\/www.minocha.fr\/index.php\/wp-json\/wp\/v2\/product_brand?post=2413"},{"taxonomy":"product_cat","embeddable":true,"href":"https:\/\/www.minocha.fr\/index.php\/wp-json\/wp\/v2\/product_cat?post=2413"},{"taxonomy":"product_tag","embeddable":true,"href":"https:\/\/www.minocha.fr\/index.php\/wp-json\/wp\/v2\/product_tag?post=2413"}],"curies":[{"name":"wp","href":"https:\/\/api.w.org\/{rel}","templated":true}]}}