{"id":2452,"date":"2026-01-29T19:08:46","date_gmt":"2026-01-29T18:08:46","guid":{"rendered":"https:\/\/www.minocha.fr\/?post_type=product&#038;p=2452"},"modified":"2026-02-23T19:53:28","modified_gmt":"2026-02-23T18:53:28","slug":"lettre-de-larchiviste-edition-de-fevrier-quantite-limitee","status":"publish","type":"product","link":"https:\/\/www.minocha.fr\/index.php\/produit\/lettre-de-larchiviste-edition-de-fevrier-quantite-limitee\/","title":{"rendered":"Lettre de l\u2019Archiviste \u2013 \u00c9dition de F\u00e9vrier &#8211; quantit\u00e9 limit\u00e9e"},"content":{"rendered":"<p data-start=\"0\" data-end=\"24\"><strong data-start=\"0\" data-end=\"24\">La Lettre de F\u00e9vrier<\/strong><\/p>\n<p data-start=\"26\" data-end=\"268\">Une lumi\u00e8re douce glisse entre les pages encore ti\u00e8des d\u2019encre.<br data-start=\"89\" data-end=\"92\" \/>Dans l\u2019atelier, l\u2019Archiviste assemble les fragments d\u2019une histoire ancienne, celle des passages, des saisons int\u00e9rieures et de la lumi\u00e8re qui revient toujours apr\u00e8s l\u2019ombre. La lettre murmure la renaissance discr\u00e8te des c\u0153urs fatigu\u00e9s, l\u2019\u00e9lan nouveau qui germe sous la surface, et rappelle que f\u00e9vrier n\u2019est pas seulement le mois des amoureux, mais aussi celui des recommencements silencieux.<\/p>\n<p data-start=\"490\" data-end=\"525\"><strong data-start=\"490\" data-end=\"525\">La Lettre de F\u00e9vrier contient :<\/strong><\/p>\n<p data-start=\"527\" data-end=\"595\">\u2013 une enveloppe cachet\u00e9e \u00e0 la cire dor\u00e9e, calligraphi\u00e9e \u00e0 la main,<\/p>\n<p data-start=\"597\" data-end=\"633\">\u2013 la lettre manuscrite de f\u00e9vrier,<\/p>\n<p data-start=\"635\" data-end=\"699\">\u2013 la deuxi\u00e8me carte de la collection des d\u00e9esses : Pers\u00e9phone,<\/p>\n<p data-start=\"701\" data-end=\"768\">\u2013 un pliage po\u00e9tique <em data-start=\"722\" data-end=\"765\">Ombre et Lumi\u00e8re \u2014 Collection des Delphes<\/em>,<\/p>\n<p data-start=\"770\" data-end=\"844\">\u2013 une bande cartonn\u00e9e \u00e0 r\u00e9utiliser en marque-page ou pour le journaling,<\/p>\n<p data-start=\"846\" data-end=\"893\">\u2013 un sticker grenade, symbole de renaissance,<\/p>\n<p data-start=\"895\" data-end=\"956\">\u2013 une bande de papier \u00e0 colorier et int\u00e9grer \u00e0 vos cr\u00e9ations.<\/p>\n<p data-start=\"958\" data-end=\"1072\">Une cr\u00e9ation de fin d\u2019hiver en \u00e9dition limit\u00e9e, assembl\u00e9e et imprim\u00e9e \u00e0 la main dans les ateliers de Minocha Corp.<\/p>\n<p data-start=\"1074\" data-end=\"1322\"><strong data-start=\"1074\" data-end=\"1102\">Informations pratiques :<\/strong><br data-start=\"1102\" data-end=\"1105\" \/>\u00c9dition unique, disponible jusqu\u2019\u00e0 \u00e9puisement des stocks.<br data-start=\"1162\" data-end=\"1165\" \/>Exp\u00e9dition \u00e0 partir du 21 f\u00e9vrier 2026.<br data-start=\"1204\" data-end=\"1207\" \/>Disponible \u00e0 l\u2019unit\u00e9 ou via abonnement (9\u20ac en France, 11\u20ac \u00e0 l\u2019\u00e9tranger).<br data-start=\"1279\" data-end=\"1282\" \/>Version anglaise disponible sur demande.<\/p>\n","protected":false},"excerpt":{"rendered":"<p>Une \u00e9dition unique tout droit sortie des ateliers de Minocha Corp.<\/p>\n","protected":false},"featured_media":2453,"comment_status":"open","ping_status":"closed","template":"","meta":[],"product_brand":[61],"product_cat":[113],"product_tag":[69,123,120,121,116,118,122,114,124],"class_list":{"0":"post-2452","1":"product","2":"type-product","3":"status-publish","4":"has-post-thumbnail","6":"product_brand-minocha-edition","7":"product_cat-snail-mail","8":"product_tag-correspondance-vintage","9":"product_tag-edition-limitee","10":"product_tag-lettre-de-collection","11":"product_tag-lettre-manuscrite","12":"product_tag-minocha-corp","13":"product_tag-papeterie-artisanale","14":"product_tag-pliage-victorien","15":"product_tag-snail-mail","16":"product_tag-univers-immersif","17":"product_shipping_class-abonnement-1","19":"first","20":"instock","21":"shipping-taxable","22":"purchasable","23":"product-type-variable"},"_links":{"self":[{"href":"https:\/\/www.minocha.fr\/index.php\/wp-json\/wp\/v2\/product\/2452","targetHints":{"allow":["GET"]}}],"collection":[{"href":"https:\/\/www.minocha.fr\/index.php\/wp-json\/wp\/v2\/product"}],"about":[{"href":"https:\/\/www.minocha.fr\/index.php\/wp-json\/wp\/v2\/types\/product"}],"replies":[{"embeddable":true,"href":"https:\/\/www.minocha.fr\/index.php\/wp-json\/wp\/v2\/comments?post=2452"}],"version-history":[{"count":1,"href":"https:\/\/www.minocha.fr\/index.php\/wp-json\/wp\/v2\/product\/2452\/revisions"}],"predecessor-version":[{"id":2464,"href":"https:\/\/www.minocha.fr\/index.php\/wp-json\/wp\/v2\/product\/2452\/revisions\/2464"}],"wp:featuredmedia":[{"embeddable":true,"href":"https:\/\/www.minocha.fr\/index.php\/wp-json\/wp\/v2\/media\/2453"}],"wp:attachment":[{"href":"https:\/\/www.minocha.fr\/index.php\/wp-json\/wp\/v2\/media?parent=2452"}],"wp:term":[{"taxonomy":"product_brand","embeddable":true,"href":"https:\/\/www.minocha.fr\/index.php\/wp-json\/wp\/v2\/product_brand?post=2452"},{"taxonomy":"product_cat","embeddable":true,"href":"https:\/\/www.minocha.fr\/index.php\/wp-json\/wp\/v2\/product_cat?post=2452"},{"taxonomy":"product_tag","embeddable":true,"href":"https:\/\/www.minocha.fr\/index.php\/wp-json\/wp\/v2\/product_tag?post=2452"}],"curies":[{"name":"wp","href":"https:\/\/api.w.org\/{rel}","templated":true}]}}