{"id":2501,"date":"2026-02-09T12:42:12","date_gmt":"2026-02-09T11:42:12","guid":{"rendered":"https:\/\/www.minocha.fr\/?post_type=product&#038;p=2501"},"modified":"2026-02-09T12:55:18","modified_gmt":"2026-02-09T11:55:18","slug":"bon-cadeau-3-mois","status":"publish","type":"product","link":"https:\/\/www.minocha.fr\/index.php\/produit\/bon-cadeau-3-mois\/","title":{"rendered":"BON CADEAU 3 MOIS"},"content":{"rendered":"<p><b>-1, 2 ou 3 s\u0153urs au choix-<\/b><\/p>\n<p>Offrez une entr\u00e9e dans l\u2019univers des <b>Lettres Minocha<\/b> pour trois mois d\u2019aventure, de myst\u00e8re et de correspondance illustr\u00e9e.<\/p>\n<p>Le ou la destinataire recevra <b>une lettre manuscrite et illustr\u00e9e par mois pendant 3 mois (+ la lettre z\u00e9ro offerte le premier mois)<\/b>, \u00e9crite par la ou les s\u0153urs de votre choix :<br \/>\n<b>Ath\u00e9na<\/b>, <b>Circ\u00e9e<\/b> et\/ou <b>Pers\u00e9phone<\/b>.<\/p>\n<p><b>Fonctionnement du bon cadeau<\/b><\/p>\n<ul>\n<li>Le bon cadeau peut \u00eatre :<\/li>\n<li><b>Envoy\u00e9 directement au destinataire<\/b>, accompagn\u00e9 de <b>sa premi\u00e8re lettre<\/b> et d\u2019une <b>note personnalis\u00e9e<\/b>,<br \/>\n<b>ou<\/b><\/li>\n<li><b><\/b><b>Envoy\u00e9 \u00e0 vous<\/b>, pour \u00eatre offert en main propre.<\/li>\n<\/ul>\n<p>&nbsp;<\/p>\n<ul>\n<li>Les <b>coordonn\u00e9es postales du destinataire<\/b> doivent \u00eatre indiqu\u00e9es dans l\u2019<b>adresse de livraison<\/b> lors de la commande.<\/li>\n<li>Si le destinataire <b>a d\u00e9j\u00e0 commenc\u00e9 l\u2019aventure<\/b>, il devra me contacter afin que je lui envoie <b>la prochaine lettre correspondante<\/b> \u00e0 son parcours<span class=\"Apple-converted-space\">\u00a0<\/span><\/li>\n<li>Si vous souhaitez que l\u2019aventure <b>ne commence pas imm\u00e9diatement<\/b>, mais \u00e0 une date ult\u00e9rieure, merci de le pr\u00e9ciser lors de la commande.<\/li>\n<\/ul>\n<p>\u2022\u2022Pour un abonnement comprenant <b>plusieurs s\u0153urs<\/b>, il est possible de choisir <b>plusieurs destinataires<\/b> (adresses postales diff\u00e9rentes).<br \/>\nDans ce cas, merci de m\u2019envoyer les informations par mail \u00e0 <b>jia@minocha.fr<\/b>.<\/p>\n","protected":false},"excerpt":{"rendered":"<p><b>Acc\u00e8s temporaire \u2013 3 mois<\/b><\/p>\n","protected":false},"featured_media":2533,"comment_status":"open","ping_status":"closed","template":"","meta":[],"product_brand":[59],"product_cat":[145],"product_tag":[115,93,92,102,105,119,69,127,134,97,90,121,116,87,124],"class_list":{"0":"post-2501","1":"product","2":"type-product","3":"status-publish","4":"has-post-thumbnail","6":"product_brand-minocha-letters","7":"product_cat-bon-cadeau-lettre","8":"product_tag-abonnement-lettres","9":"product_tag-athena-minocha","10":"product_tag-botanique","11":"product_tag-carnet-dexploration","12":"product_tag-circee-minocha","13":"product_tag-collection-mystere","14":"product_tag-correspondance-vintage","15":"product_tag-culture","16":"product_tag-feminisme","17":"product_tag-histoire-des-sciences","18":"product_tag-illustration-vintage","19":"product_tag-lettre-manuscrite","20":"product_tag-minocha-corp","21":"product_tag-poster-illustre","22":"product_tag-univers-immersif","24":"first","25":"instock","26":"shipping-taxable","27":"purchasable","28":"product-type-variable"},"_links":{"self":[{"href":"https:\/\/www.minocha.fr\/index.php\/wp-json\/wp\/v2\/product\/2501","targetHints":{"allow":["GET"]}}],"collection":[{"href":"https:\/\/www.minocha.fr\/index.php\/wp-json\/wp\/v2\/product"}],"about":[{"href":"https:\/\/www.minocha.fr\/index.php\/wp-json\/wp\/v2\/types\/product"}],"replies":[{"embeddable":true,"href":"https:\/\/www.minocha.fr\/index.php\/wp-json\/wp\/v2\/comments?post=2501"}],"version-history":[{"count":3,"href":"https:\/\/www.minocha.fr\/index.php\/wp-json\/wp\/v2\/product\/2501\/revisions"}],"predecessor-version":[{"id":2563,"href":"https:\/\/www.minocha.fr\/index.php\/wp-json\/wp\/v2\/product\/2501\/revisions\/2563"}],"wp:featuredmedia":[{"embeddable":true,"href":"https:\/\/www.minocha.fr\/index.php\/wp-json\/wp\/v2\/media\/2533"}],"wp:attachment":[{"href":"https:\/\/www.minocha.fr\/index.php\/wp-json\/wp\/v2\/media?parent=2501"}],"wp:term":[{"taxonomy":"product_brand","embeddable":true,"href":"https:\/\/www.minocha.fr\/index.php\/wp-json\/wp\/v2\/product_brand?post=2501"},{"taxonomy":"product_cat","embeddable":true,"href":"https:\/\/www.minocha.fr\/index.php\/wp-json\/wp\/v2\/product_cat?post=2501"},{"taxonomy":"product_tag","embeddable":true,"href":"https:\/\/www.minocha.fr\/index.php\/wp-json\/wp\/v2\/product_tag?post=2501"}],"curies":[{"name":"wp","href":"https:\/\/api.w.org\/{rel}","templated":true}]}}