{"id":2523,"date":"2026-02-09T11:49:38","date_gmt":"2026-02-09T10:49:38","guid":{"rendered":"https:\/\/www.minocha.fr\/?post_type=product&#038;p=2523"},"modified":"2026-02-09T13:15:00","modified_gmt":"2026-02-09T12:15:00","slug":"bon-cadeau-snail-mail-6-mois","status":"publish","type":"product","link":"https:\/\/www.minocha.fr\/index.php\/produit\/bon-cadeau-snail-mail-6-mois\/","title":{"rendered":"BON CADEAU SNAIL MAIL &#8211; 6 MOIS"},"content":{"rendered":"<p>Offrez six mois de correspondance po\u00e9tique envoy\u00e9e par la poste, \u00e0 la mani\u00e8re d\u2019un rituel ancien.<\/p>\n<p>Le ou la destinataire recevra <b>une lettre manuscrite et des goodies exclusifs par mois pendant 6 mois (illustrations, stickers, pliages, gravures\u2026)<\/b>, gliss\u00e9e dans une enveloppe soigneusement pr\u00e9par\u00e9e.<\/p>\n<p><b>Fonctionnement du bon cadeau<\/b><\/p>\n<ul>\n<li>Le bon cadeau peut \u00eatre :\n<ul>\n<li><b>Envoy\u00e9 directement au destinataire<\/b>, accompagn\u00e9 de <b>sa premi\u00e8re lettre<\/b> et d\u2019une <b>note personnalis\u00e9e<\/b>,<br \/>\n<b>ou<\/b><b><\/b><\/li>\n<li><b>Envoy\u00e9 \u00e0 vous<\/b>, pour \u00eatre offert en main propre.<\/li>\n<\/ul>\n<\/li>\n<li>Les <b>coordonn\u00e9es postales du destinataire<\/b> doivent \u00eatre indiqu\u00e9es dans l\u2019<b>adresse de livraison<\/b>.<\/li>\n<\/ul>\n<p>\u2022\u2022Si vous souhaitez que l\u2019abonnement <b>commence \u00e0 une date ult\u00e9rieure<\/b>, merci de le pr\u00e9ciser lors de la commande.<\/p>\n","protected":false},"excerpt":{"rendered":"<p>6 mois de correspondances myst\u00e9rieuses<\/p>\n","protected":false},"featured_media":2543,"comment_status":"open","ping_status":"closed","template":"","meta":[],"product_brand":[61],"product_cat":[113],"product_tag":[115,74,119,69,123,90,121,116,118,122],"class_list":{"0":"post-2523","1":"product","2":"type-product","3":"status-publish","4":"has-post-thumbnail","6":"product_brand-minocha-edition","7":"product_cat-snail-mail","8":"product_tag-abonnement-lettres","9":"product_tag-collection-minocha","10":"product_tag-collection-mystere","11":"product_tag-correspondance-vintage","12":"product_tag-edition-limitee","13":"product_tag-illustration-vintage","14":"product_tag-lettre-manuscrite","15":"product_tag-minocha-corp","16":"product_tag-papeterie-artisanale","17":"product_tag-pliage-victorien","19":"first","20":"instock","21":"shipping-taxable","22":"purchasable","23":"product-type-variable"},"_links":{"self":[{"href":"https:\/\/www.minocha.fr\/index.php\/wp-json\/wp\/v2\/product\/2523","targetHints":{"allow":["GET"]}}],"collection":[{"href":"https:\/\/www.minocha.fr\/index.php\/wp-json\/wp\/v2\/product"}],"about":[{"href":"https:\/\/www.minocha.fr\/index.php\/wp-json\/wp\/v2\/types\/product"}],"replies":[{"embeddable":true,"href":"https:\/\/www.minocha.fr\/index.php\/wp-json\/wp\/v2\/comments?post=2523"}],"version-history":[{"count":2,"href":"https:\/\/www.minocha.fr\/index.php\/wp-json\/wp\/v2\/product\/2523\/revisions"}],"predecessor-version":[{"id":2527,"href":"https:\/\/www.minocha.fr\/index.php\/wp-json\/wp\/v2\/product\/2523\/revisions\/2527"}],"wp:featuredmedia":[{"embeddable":true,"href":"https:\/\/www.minocha.fr\/index.php\/wp-json\/wp\/v2\/media\/2543"}],"wp:attachment":[{"href":"https:\/\/www.minocha.fr\/index.php\/wp-json\/wp\/v2\/media?parent=2523"}],"wp:term":[{"taxonomy":"product_brand","embeddable":true,"href":"https:\/\/www.minocha.fr\/index.php\/wp-json\/wp\/v2\/product_brand?post=2523"},{"taxonomy":"product_cat","embeddable":true,"href":"https:\/\/www.minocha.fr\/index.php\/wp-json\/wp\/v2\/product_cat?post=2523"},{"taxonomy":"product_tag","embeddable":true,"href":"https:\/\/www.minocha.fr\/index.php\/wp-json\/wp\/v2\/product_tag?post=2523"}],"curies":[{"name":"wp","href":"https:\/\/api.w.org\/{rel}","templated":true}]}}