{"id":2873,"date":"2026-02-19T13:25:14","date_gmt":"2026-02-19T12:25:14","guid":{"rendered":"https:\/\/www.minocha.fr\/?post_type=product&#038;p=2873"},"modified":"2026-02-19T13:32:36","modified_gmt":"2026-02-19T12:32:36","slug":"tirage-dillustration-beluga-a3","status":"publish","type":"product","link":"https:\/\/www.minocha.fr\/index.php\/produit\/tirage-dillustration-beluga-a3\/","title":{"rendered":"TIRAGE D&rsquo;ILLUSTRATION &#8211; BELUGA &#8211; A3"},"content":{"rendered":"<p>Ce tirage grand format, imprim\u00e9e sur papier d\u2019art \u00e0 Limoges, est issue des illustrations originales des lettres.<br \/>\nElle nous parle du B\u00e9luga, cet \u00eatre incroyable qu&rsquo;Ath\u00e9na \u00e0 rencontrer dans sa cinqui\u00e8me lettre.<br \/>\nChaque poster est sign\u00e9 du sceau d\u2019Ath\u00e9na et imprim\u00e9 en petite s\u00e9rie pour conserver sa raret\u00e9.<\/p>\n<p>\u00c0 collectionner. Ou \u00e0 garder jalousement.<\/p>\n<p><i>A3 42 x 29,7 cm<span class=\"Apple-converted-space\">\u00a0<\/span><\/i><\/p>\n<p><i>Papier haut de gamme 110 g\/m2 compos\u00e9 \u00e0 100% de fibres recycl\u00e9es post-consommation (PCW)<\/i><\/p>\n","protected":false},"excerpt":{"rendered":"<p><b>Des \u00e9clats de monde \u00e0 accrocher dans le v\u00f4tre.<\/b><\/p>\n","protected":false},"featured_media":2874,"comment_status":"open","ping_status":"closed","template":"","meta":[],"product_brand":[61],"product_cat":[29],"product_tag":[159,93,160,161,90,91,89,87],"class_list":{"0":"post-2873","1":"product","2":"type-product","3":"status-publish","4":"has-post-thumbnail","6":"product_brand-minocha-edition","7":"product_cat-posters","8":"product_tag-arctique","9":"product_tag-athena-minocha","10":"product_tag-beluga","11":"product_tag-canada","12":"product_tag-illustration-vintage","13":"product_tag-naturaliste","14":"product_tag-nature-et-poesie","15":"product_tag-poster-illustre","16":"product_shipping_class-colis-leger","18":"first","19":"instock","20":"shipping-taxable","21":"purchasable","22":"product-type-simple"},"_links":{"self":[{"href":"https:\/\/www.minocha.fr\/index.php\/wp-json\/wp\/v2\/product\/2873","targetHints":{"allow":["GET"]}}],"collection":[{"href":"https:\/\/www.minocha.fr\/index.php\/wp-json\/wp\/v2\/product"}],"about":[{"href":"https:\/\/www.minocha.fr\/index.php\/wp-json\/wp\/v2\/types\/product"}],"replies":[{"embeddable":true,"href":"https:\/\/www.minocha.fr\/index.php\/wp-json\/wp\/v2\/comments?post=2873"}],"version-history":[{"count":1,"href":"https:\/\/www.minocha.fr\/index.php\/wp-json\/wp\/v2\/product\/2873\/revisions"}],"predecessor-version":[{"id":2877,"href":"https:\/\/www.minocha.fr\/index.php\/wp-json\/wp\/v2\/product\/2873\/revisions\/2877"}],"wp:featuredmedia":[{"embeddable":true,"href":"https:\/\/www.minocha.fr\/index.php\/wp-json\/wp\/v2\/media\/2874"}],"wp:attachment":[{"href":"https:\/\/www.minocha.fr\/index.php\/wp-json\/wp\/v2\/media?parent=2873"}],"wp:term":[{"taxonomy":"product_brand","embeddable":true,"href":"https:\/\/www.minocha.fr\/index.php\/wp-json\/wp\/v2\/product_brand?post=2873"},{"taxonomy":"product_cat","embeddable":true,"href":"https:\/\/www.minocha.fr\/index.php\/wp-json\/wp\/v2\/product_cat?post=2873"},{"taxonomy":"product_tag","embeddable":true,"href":"https:\/\/www.minocha.fr\/index.php\/wp-json\/wp\/v2\/product_tag?post=2873"}],"curies":[{"name":"wp","href":"https:\/\/api.w.org\/{rel}","templated":true}]}}