{"id":2889,"date":"2026-02-19T13:32:53","date_gmt":"2026-02-19T12:32:53","guid":{"rendered":"https:\/\/www.minocha.fr\/?post_type=product&#038;p=2889"},"modified":"2026-02-19T13:35:19","modified_gmt":"2026-02-19T12:35:19","slug":"tirage-dillustration-leonard-de-vinci-a3","status":"publish","type":"product","link":"https:\/\/www.minocha.fr\/index.php\/produit\/tirage-dillustration-leonard-de-vinci-a3\/","title":{"rendered":"TIRAGE D&rsquo;ILLUSTRATION &#8211; L\u00c9ONARD DE VINCI &#8211; A3"},"content":{"rendered":"<p>Ce tirage grand format, imprim\u00e9e sur papier d\u2019art \u00e0 Limoges, est issue des illustrations originales des lettres.<br \/>\nElle met en lumi\u00e8re L\u00e9onard de Vinci, figure visionnaire qui a chang\u00e9 l\u2019histoire, en r\u00e9v\u00e9lant quelques jalons cruciaux de sa vie et de son h\u00e9ritage tant artistique que scientifique.<br \/>\nChaque poster est sign\u00e9 du sceau de Pers\u00e9phone et imprim\u00e9 en petite s\u00e9rie pour conserver sa raret\u00e9.<\/p>\n<p>\u00c0 collectionner. Ou \u00e0 garder jalousement.<\/p>\n<p><i>A3 42 x 29,7 cm<span class=\"Apple-converted-space\">\u00a0<\/span><\/i><\/p>\n<p><i>Papier haut de gamme 110 g\/m2 compos\u00e9 \u00e0 100% de fibres recycl\u00e9es post-consommation (PCW)<\/i><\/p>\n","protected":false},"excerpt":{"rendered":"<p><b>Des \u00e9clats de monde \u00e0 accrocher dans le v\u00f4tre.<\/b><\/p>\n","protected":false},"featured_media":2890,"comment_status":"open","ping_status":"closed","template":"","meta":[],"product_brand":[61],"product_cat":[29],"product_tag":[90,163,162,164,98,95,87],"class_list":{"0":"post-2889","1":"product","2":"type-product","3":"status-publish","4":"has-post-thumbnail","6":"product_brand-minocha-edition","7":"product_cat-posters","8":"product_tag-illustration-vintage","9":"product_tag-italie","10":"product_tag-leonard-de-vinci","11":"product_tag-peintre","12":"product_tag-persephone-minocha","13":"product_tag-personnage-historique","14":"product_tag-poster-illustre","15":"product_shipping_class-colis-leger","17":"first","18":"instock","19":"shipping-taxable","20":"purchasable","21":"product-type-simple"},"_links":{"self":[{"href":"https:\/\/www.minocha.fr\/index.php\/wp-json\/wp\/v2\/product\/2889","targetHints":{"allow":["GET"]}}],"collection":[{"href":"https:\/\/www.minocha.fr\/index.php\/wp-json\/wp\/v2\/product"}],"about":[{"href":"https:\/\/www.minocha.fr\/index.php\/wp-json\/wp\/v2\/types\/product"}],"replies":[{"embeddable":true,"href":"https:\/\/www.minocha.fr\/index.php\/wp-json\/wp\/v2\/comments?post=2889"}],"version-history":[{"count":1,"href":"https:\/\/www.minocha.fr\/index.php\/wp-json\/wp\/v2\/product\/2889\/revisions"}],"predecessor-version":[{"id":2893,"href":"https:\/\/www.minocha.fr\/index.php\/wp-json\/wp\/v2\/product\/2889\/revisions\/2893"}],"wp:featuredmedia":[{"embeddable":true,"href":"https:\/\/www.minocha.fr\/index.php\/wp-json\/wp\/v2\/media\/2890"}],"wp:attachment":[{"href":"https:\/\/www.minocha.fr\/index.php\/wp-json\/wp\/v2\/media?parent=2889"}],"wp:term":[{"taxonomy":"product_brand","embeddable":true,"href":"https:\/\/www.minocha.fr\/index.php\/wp-json\/wp\/v2\/product_brand?post=2889"},{"taxonomy":"product_cat","embeddable":true,"href":"https:\/\/www.minocha.fr\/index.php\/wp-json\/wp\/v2\/product_cat?post=2889"},{"taxonomy":"product_tag","embeddable":true,"href":"https:\/\/www.minocha.fr\/index.php\/wp-json\/wp\/v2\/product_tag?post=2889"}],"curies":[{"name":"wp","href":"https:\/\/api.w.org\/{rel}","templated":true}]}}