{"id":2895,"date":"2026-02-19T13:36:10","date_gmt":"2026-02-19T12:36:10","guid":{"rendered":"https:\/\/www.minocha.fr\/?post_type=product&#038;p=2895"},"modified":"2026-02-19T14:02:10","modified_gmt":"2026-02-19T13:02:10","slug":"tirage-dillustration-toussaint-louverture-a3","status":"publish","type":"product","link":"https:\/\/www.minocha.fr\/index.php\/produit\/tirage-dillustration-toussaint-louverture-a3\/","title":{"rendered":"TIRAGE D&rsquo;ILLUSTRATION &#8211; TOUSSAINT L&rsquo;OUVERTURE &#8211; A3"},"content":{"rendered":"<p>Ce tirage grand format, imprim\u00e9e sur papier d\u2019art \u00e0 Limoges, est issue des illustrations originales des lettres.<br \/>\nElle met en lumi\u00e8re Toussaint L&rsquo;Ouverture, figure visionnaire qui a chang\u00e9 l\u2019histoire coloniale, en r\u00e9v\u00e9lant quelques jalons cruciaux de sa vie et de son h\u00e9ritage militant.<br \/>\nChaque poster est sign\u00e9 du sceau de Pers\u00e9phone et imprim\u00e9 en petite s\u00e9rie pour conserver sa raret\u00e9.<\/p>\n<p>\u00c0 collectionner. Ou \u00e0 garder jalousement.<\/p>\n<p><i>A3 42 x 29,7 cm<span class=\"Apple-converted-space\">\u00a0<\/span><\/i><\/p>\n<p><i>Papier haut de gamme 110 g\/m2 compos\u00e9 \u00e0 100% de fibres recycl\u00e9es post-consommation (PCW)<\/i><\/p>\n","protected":false},"excerpt":{"rendered":"<p><b>Des \u00e9clats de monde \u00e0 accrocher dans le v\u00f4tre.<\/b><\/p>\n","protected":false},"featured_media":2896,"comment_status":"open","ping_status":"closed","template":"","meta":[],"product_brand":[61],"product_cat":[29],"product_tag":[168,165,90,98,95,87,166,167],"class_list":{"0":"post-2895","1":"product","2":"type-product","3":"status-publish","4":"has-post-thumbnail","6":"product_brand-minocha-edition","7":"product_cat-posters","8":"product_tag-colonialisme","9":"product_tag-haiti","10":"product_tag-illustration-vintage","11":"product_tag-persephone-minocha","12":"product_tag-personnage-historique","13":"product_tag-poster-illustre","14":"product_tag-saint-domingue","15":"product_tag-toussaint-louverture","16":"product_shipping_class-colis-leger","18":"first","19":"instock","20":"shipping-taxable","21":"purchasable","22":"product-type-simple"},"_links":{"self":[{"href":"https:\/\/www.minocha.fr\/index.php\/wp-json\/wp\/v2\/product\/2895","targetHints":{"allow":["GET"]}}],"collection":[{"href":"https:\/\/www.minocha.fr\/index.php\/wp-json\/wp\/v2\/product"}],"about":[{"href":"https:\/\/www.minocha.fr\/index.php\/wp-json\/wp\/v2\/types\/product"}],"replies":[{"embeddable":true,"href":"https:\/\/www.minocha.fr\/index.php\/wp-json\/wp\/v2\/comments?post=2895"}],"version-history":[{"count":1,"href":"https:\/\/www.minocha.fr\/index.php\/wp-json\/wp\/v2\/product\/2895\/revisions"}],"predecessor-version":[{"id":2900,"href":"https:\/\/www.minocha.fr\/index.php\/wp-json\/wp\/v2\/product\/2895\/revisions\/2900"}],"wp:featuredmedia":[{"embeddable":true,"href":"https:\/\/www.minocha.fr\/index.php\/wp-json\/wp\/v2\/media\/2896"}],"wp:attachment":[{"href":"https:\/\/www.minocha.fr\/index.php\/wp-json\/wp\/v2\/media?parent=2895"}],"wp:term":[{"taxonomy":"product_brand","embeddable":true,"href":"https:\/\/www.minocha.fr\/index.php\/wp-json\/wp\/v2\/product_brand?post=2895"},{"taxonomy":"product_cat","embeddable":true,"href":"https:\/\/www.minocha.fr\/index.php\/wp-json\/wp\/v2\/product_cat?post=2895"},{"taxonomy":"product_tag","embeddable":true,"href":"https:\/\/www.minocha.fr\/index.php\/wp-json\/wp\/v2\/product_tag?post=2895"}],"curies":[{"name":"wp","href":"https:\/\/api.w.org\/{rel}","templated":true}]}}