{"id":3001,"date":"2026-04-05T13:34:31","date_gmt":"2026-04-05T11:34:31","guid":{"rendered":"https:\/\/www.minocha.fr\/?post_type=product&#038;p=3001"},"modified":"2026-04-05T13:42:51","modified_gmt":"2026-04-05T11:42:51","slug":"lettre-de-larchiviste-edition-davril-quantite-limitee","status":"publish","type":"product","link":"https:\/\/www.minocha.fr\/index.php\/produit\/lettre-de-larchiviste-edition-davril-quantite-limitee\/","title":{"rendered":"Lettre de l\u2019Archiviste \u2013 \u00c9dition d&rsquo;Avril &#8211; quantit\u00e9 limit\u00e9e"},"content":{"rendered":"<p data-start=\"139\" data-end=\"160\"><strong data-start=\"139\" data-end=\"160\">La Lettre d\u2019Avril<\/strong><\/p>\n<p data-start=\"162\" data-end=\"303\">Un parfum salin flotte dans l\u2019atelier Minocha\u2026 Est-ce le souvenir d\u2019une mer ancienne ou l\u2019\u00e9cho discret de liens que l\u2019on tisse \u00e0 nouveau ?<\/p>\n<p data-start=\"305\" data-end=\"600\">Dans l\u2019atelier, l\u2019Archiviste tend l\u2019oreille \u00e0 ce qui relie plut\u00f4t qu\u2019\u00e0 ce qui s\u00e9pare. Avril ne cherche pas encore \u00e0 faire \u00e9clore mais il invite \u00e0 se rapprocher. Les gestes deviennent plus tendres, les pens\u00e9es voyagent vers celles et ceux qui comptent et m\u00eame le silence semble charg\u00e9 d\u2019affection.<\/p>\n<p data-start=\"974\" data-end=\"1006\"><strong data-start=\"974\" data-end=\"1006\">La Lettre d\u2019Avril contient :<\/strong><\/p>\n<p data-start=\"1008\" data-end=\"1074\">\u2013 une enveloppe cachet\u00e9e \u00e0 la cire dor\u00e9e, calligraphi\u00e9e \u00e0 la main,<\/p>\n<p data-start=\"1076\" data-end=\"1107\">\u2013 la lettre manuscrite d\u2019avril,<\/p>\n<p data-start=\"1109\" data-end=\"1171\">\u2013 la quatri\u00e8me carte de la collection des d\u00e9esses : Aphrodite.<\/p>\n<p data-start=\"1173\" data-end=\"1246\">\u2013 quatre marque-pages calendriers illustr\u00e9s : mai, juin, juillet et ao\u00fbt,<\/p>\n<p data-start=\"1248\" data-end=\"1298\">\u2013 un sticker glossy coquillage (charonia tritonis),<\/p>\n<p data-start=\"1300\" data-end=\"1399\">\u2013 une carte postale \u201cPotion de lien\u201d, \u00e0 envoyer \u00e0 une personne ch\u00e8re ou \u00e0 conserver pr\u00e9cieusement !<\/p>\n<p data-start=\"1406\" data-end=\"1566\">Une cr\u00e9ation printani\u00e8re en \u00e9dition limit\u00e9e, assembl\u00e9e et imprim\u00e9e \u00e0 la main dans les ateliers de Minocha Corp.<\/p>\n<p data-start=\"1406\" data-end=\"1566\"><strong data-start=\"1573\" data-end=\"1601\">Informations pratiques :<\/strong><br data-start=\"1601\" data-end=\"1604\" \/>\u00c9dition unique, disponible jusqu\u2019\u00e0 \u00e9puisement des stocks.<br data-start=\"1661\" data-end=\"1664\" \/>Exp\u00e9dition \u00e0 partir du 21 mars 2026.<br data-start=\"1700\" data-end=\"1703\" \/>Disponible \u00e0 l\u2019unit\u00e9 ou via abonnement (9\u20ac en France, 11\u20ac \u00e0 l\u2019\u00e9tranger).<br data-start=\"1775\" data-end=\"1778\" \/>Version anglaise disponible sur demande.<\/p>\n","protected":false},"excerpt":{"rendered":"<p>Une \u00e9dition unique tout droit sortie des ateliers de Minocha Corp.<\/p>\n","protected":false},"featured_media":3009,"comment_status":"open","ping_status":"closed","template":"","meta":[],"product_brand":[61],"product_cat":[113],"product_tag":[69,123,120,121,116,118,122,114,124],"class_list":{"0":"post-3001","1":"product","2":"type-product","3":"status-publish","4":"has-post-thumbnail","6":"product_brand-minocha-edition","7":"product_cat-snail-mail","8":"product_tag-correspondance-vintage","9":"product_tag-edition-limitee","10":"product_tag-lettre-de-collection","11":"product_tag-lettre-manuscrite","12":"product_tag-minocha-corp","13":"product_tag-papeterie-artisanale","14":"product_tag-pliage-victorien","15":"product_tag-snail-mail","16":"product_tag-univers-immersif","17":"product_shipping_class-abonnement-1","19":"first","20":"instock","21":"shipping-taxable","22":"purchasable","23":"product-type-variable"},"_links":{"self":[{"href":"https:\/\/www.minocha.fr\/index.php\/wp-json\/wp\/v2\/product\/3001","targetHints":{"allow":["GET"]}}],"collection":[{"href":"https:\/\/www.minocha.fr\/index.php\/wp-json\/wp\/v2\/product"}],"about":[{"href":"https:\/\/www.minocha.fr\/index.php\/wp-json\/wp\/v2\/types\/product"}],"replies":[{"embeddable":true,"href":"https:\/\/www.minocha.fr\/index.php\/wp-json\/wp\/v2\/comments?post=3001"}],"version-history":[{"count":1,"href":"https:\/\/www.minocha.fr\/index.php\/wp-json\/wp\/v2\/product\/3001\/revisions"}],"predecessor-version":[{"id":3010,"href":"https:\/\/www.minocha.fr\/index.php\/wp-json\/wp\/v2\/product\/3001\/revisions\/3010"}],"wp:featuredmedia":[{"embeddable":true,"href":"https:\/\/www.minocha.fr\/index.php\/wp-json\/wp\/v2\/media\/3009"}],"wp:attachment":[{"href":"https:\/\/www.minocha.fr\/index.php\/wp-json\/wp\/v2\/media?parent=3001"}],"wp:term":[{"taxonomy":"product_brand","embeddable":true,"href":"https:\/\/www.minocha.fr\/index.php\/wp-json\/wp\/v2\/product_brand?post=3001"},{"taxonomy":"product_cat","embeddable":true,"href":"https:\/\/www.minocha.fr\/index.php\/wp-json\/wp\/v2\/product_cat?post=3001"},{"taxonomy":"product_tag","embeddable":true,"href":"https:\/\/www.minocha.fr\/index.php\/wp-json\/wp\/v2\/product_tag?post=3001"}],"curies":[{"name":"wp","href":"https:\/\/api.w.org\/{rel}","templated":true}]}}