{"id":869,"date":"2025-08-13T15:29:11","date_gmt":"2025-08-13T13:29:11","guid":{"rendered":"https:\/\/www.minocha.fr\/?post_type=product&#038;p=869"},"modified":"2026-02-10T14:40:22","modified_gmt":"2026-02-10T13:40:22","slug":"abonnement-1","status":"publish","type":"product","link":"https:\/\/www.minocha.fr\/index.php\/produit\/abonnement-1\/","title":{"rendered":"UN LIEN UNIQUE"},"content":{"rendered":"<p data-start=\"243\" data-end=\"504\">Choisir une seule s\u0153ur, c\u2019est engager une correspondance suivie avec une guide pr\u00e9cise.<br data-start=\"330\" data-end=\"333\" \/>Chaque mois, vous recevez une lettre manuscrite et illustr\u00e9e, gliss\u00e9e dans une enveloppe au charme ancien, pens\u00e9e comme un v\u00e9ritable support de lecture et de transmission.<\/p>\n<p data-start=\"767\" data-end=\"952\">\u00c0 travers ce lien unique, vous explorez un domaine de connaissances sp\u00e9cifique \u2014 sciences et nature, cultures du monde ou histoire \u2014 int\u00e9gr\u00e9 au r\u00e9cit de fa\u00e7on progressive et accessible \u00e0 tous.<\/p>\n<p data-start=\"954\" data-end=\"1113\">Cet abonnement permet d\u2019approfondir un univers,<br data-start=\"1001\" data-end=\"1004\" \/>de suivre une progression narrative claire,<br data-start=\"1047\" data-end=\"1050\" \/>et d\u2019installer un rituel de lecture et d\u2019apprentissage mensuel.<\/p>\n<p data-start=\"1115\" data-end=\"1223\">Une voix pour guider.<br data-start=\"1136\" data-end=\"1139\" \/>Un monde \u00e0 explorer.<br data-start=\"1159\" data-end=\"1162\" \/>Une aventure \u00e9pistolaire qui transmet autant qu\u2019elle raconte.<\/p>\n<p><b>Contient :<\/b><br \/>\n<em>\u2013 Une lettre manuscrite illustr\u00e9e<\/em><br \/>\n<em>\u2013 Un poster A4<\/em><br \/>\n<em>\u2013 L\u2019acc\u00e8s au podcast : les Archives des soeurs Minocha pour en d\u00e9couvrir plus sur l&rsquo;intrigue, disponible sur toutes les plateformes d&rsquo;\u00e9coute<\/em><\/p>\n<p><em>\u2013 Une entr\u00e9e discr\u00e8te mais envo\u00fbtante dans la grande qu\u00eate de l\u2019Atlantide<\/em><\/p>\n<p>19,90\u20ac\/mois<\/p>\n<p>Formule annuelle : 218,90\u20ac <em>(soit un mois offert)<\/em><\/p>\n","protected":false},"excerpt":{"rendered":"<p>Formule une s\u0153ur \u2013 Une lettre manuscrite par mois<\/p>\n","protected":false},"featured_media":1861,"comment_status":"open","ping_status":"closed","template":"","meta":[],"product_brand":[59],"product_cat":[30],"product_tag":[71,74,69,73,68,66,70,72],"class_list":{"0":"post-869","1":"product","2":"type-product","3":"status-publish","4":"has-post-thumbnail","6":"product_brand-minocha-letters","7":"product_cat-abonnements","8":"product_tag-aventure-historique","9":"product_tag-collection-minocha","10":"product_tag-correspondance-vintage","11":"product_tag-ecriture-illustree","12":"product_tag-lettres-manuscrites","13":"product_tag-steampunk","14":"product_tag-univers-pedagogique","15":"product_tag-voyage-culturel","16":"product_shipping_class-abonnement-1","18":"first","19":"instock","20":"shipping-taxable","21":"purchasable","22":"product-type-variable-subscription"},"_links":{"self":[{"href":"https:\/\/www.minocha.fr\/index.php\/wp-json\/wp\/v2\/product\/869","targetHints":{"allow":["GET"]}}],"collection":[{"href":"https:\/\/www.minocha.fr\/index.php\/wp-json\/wp\/v2\/product"}],"about":[{"href":"https:\/\/www.minocha.fr\/index.php\/wp-json\/wp\/v2\/types\/product"}],"replies":[{"embeddable":true,"href":"https:\/\/www.minocha.fr\/index.php\/wp-json\/wp\/v2\/comments?post=869"}],"version-history":[{"count":12,"href":"https:\/\/www.minocha.fr\/index.php\/wp-json\/wp\/v2\/product\/869\/revisions"}],"predecessor-version":[{"id":2640,"href":"https:\/\/www.minocha.fr\/index.php\/wp-json\/wp\/v2\/product\/869\/revisions\/2640"}],"wp:featuredmedia":[{"embeddable":true,"href":"https:\/\/www.minocha.fr\/index.php\/wp-json\/wp\/v2\/media\/1861"}],"wp:attachment":[{"href":"https:\/\/www.minocha.fr\/index.php\/wp-json\/wp\/v2\/media?parent=869"}],"wp:term":[{"taxonomy":"product_brand","embeddable":true,"href":"https:\/\/www.minocha.fr\/index.php\/wp-json\/wp\/v2\/product_brand?post=869"},{"taxonomy":"product_cat","embeddable":true,"href":"https:\/\/www.minocha.fr\/index.php\/wp-json\/wp\/v2\/product_cat?post=869"},{"taxonomy":"product_tag","embeddable":true,"href":"https:\/\/www.minocha.fr\/index.php\/wp-json\/wp\/v2\/product_tag?post=869"}],"curies":[{"name":"wp","href":"https:\/\/api.w.org\/{rel}","templated":true}]}}