{"id":970,"date":"2025-08-15T15:01:12","date_gmt":"2025-08-15T13:01:12","guid":{"rendered":"https:\/\/www.minocha.fr\/?post_type=product&#038;p=970"},"modified":"2026-02-10T14:42:25","modified_gmt":"2026-02-10T13:42:25","slug":"lintegrale","status":"publish","type":"product","link":"https:\/\/www.minocha.fr\/index.php\/produit\/lintegrale\/","title":{"rendered":"L&rsquo;ALLIANCE DES TROIS"},"content":{"rendered":"<p data-start=\"190\" data-end=\"248\"><strong data-start=\"190\" data-end=\"248\">L\u2019exp\u00e9rience compl\u00e8te. Trois voix, une seule aventure.<\/strong><\/p>\n<p data-start=\"250\" data-end=\"488\">Avec l\u2019Alliance des Trois, vous entrez dans l\u2019univers Minocha dans son int\u00e9gralit\u00e9.<br data-start=\"333\" data-end=\"336\" \/>Chaque mois, vous recevez les <strong data-start=\"366\" data-end=\"409\">trois lettres manuscrites et illustr\u00e9es<\/strong>, toutes reli\u00e9es par la m\u00eame intrigue, mais port\u00e9es par des regards diff\u00e9rents.<\/p>\n<p data-start=\"707\" data-end=\"889\">Cette formule permet de suivre l\u2019intrigue dans sa globalit\u00e9,<br data-start=\"767\" data-end=\"770\" \/>de croiser les savoirs \u2014 vivant, cultures, histoire \u2014<br data-start=\"825\" data-end=\"828\" \/>et de comprendre comment chaque point de vue \u00e9claire l\u2019autre.<\/p>\n<p data-start=\"891\" data-end=\"953\">L\u2019Alliance des Trois s\u2019adresse \u00e0 celles et ceux qui aiment :<\/p>\n<ul data-start=\"954\" data-end=\"1129\">\n<li data-start=\"954\" data-end=\"1007\">\n<p data-start=\"956\" data-end=\"1007\">reconstituer chaque fragment d\u2019un r\u00e9cit complexe,<\/p>\n<\/li>\n<li data-start=\"1008\" data-end=\"1064\">\n<p data-start=\"1010\" data-end=\"1064\">observer les liens invisibles entre les personnages,<\/p>\n<\/li>\n<li data-start=\"1065\" data-end=\"1129\">\n<p data-start=\"1067\" data-end=\"1129\">prendre le temps d\u2019une aventure exigeante, lente et pr\u00e9cieuse.<\/p>\n<\/li>\n<\/ul>\n<p data-start=\"1131\" data-end=\"1263\">Ici, la lecture devient un rituel.<br data-start=\"1165\" data-end=\"1168\" \/>La collection, une archive vivante.<br data-start=\"1203\" data-end=\"1206\" \/>Et l\u2019apprentissage, une exp\u00e9rience immersive et sensible.<\/p>\n<p><b>Contient :<\/b><br \/>\n<em>\u2013 Trois lettres manuscrites illustr\u00e9es<\/em><br \/>\n<em>\u2013 Trois posters A4<\/em><br \/>\n<em>\u2013 L\u2019acc\u00e8s au podcast : les Archives des soeurs Minocha pour en d\u00e9couvrir plus sur l&rsquo;intrigue, disponible sur toutes les plateformes<\/em><\/p>\n<p><em>\u2013 Des surprises ponctuelles gliss\u00e9es dans certains envois<\/em><br \/>\n<em>\u2013 Une plong\u00e9e sensorielle compl\u00e8te dans l\u2019univers des s\u0153urs Minocha<\/em><\/p>\n<p>52,90\u20ac\/mois (au lieu de 60\u20ac)<\/p>\n<p>Formule annuelle : 581,90\u20ac <em>(soit un mois offert)<\/em><\/p>\n","protected":false},"excerpt":{"rendered":"<p>Formule trois s\u0153urs \u2013 Trois lettres par mois<\/p>\n","protected":false},"featured_media":1527,"comment_status":"open","ping_status":"closed","template":"","meta":[],"product_brand":[59],"product_cat":[30],"product_tag":[81,83,74,86,68,84,85,82],"class_list":{"0":"post-970","1":"product","2":"type-product","3":"status-publish","4":"has-post-thumbnail","6":"product_brand-minocha-letters","7":"product_cat-abonnements","8":"product_tag-abonnement-premium","9":"product_tag-aventure-epique","10":"product_tag-collection-minocha","11":"product_tag-experience-immersive","12":"product_tag-lettres-manuscrites","13":"product_tag-mystere-de-latlantide","14":"product_tag-trilogie-des-minocha","15":"product_tag-univers-complet","16":"product_shipping_class-abonnement-3","18":"first","19":"instock","20":"shipping-taxable","21":"purchasable","22":"product-type-variable-subscription"},"_links":{"self":[{"href":"https:\/\/www.minocha.fr\/index.php\/wp-json\/wp\/v2\/product\/970","targetHints":{"allow":["GET"]}}],"collection":[{"href":"https:\/\/www.minocha.fr\/index.php\/wp-json\/wp\/v2\/product"}],"about":[{"href":"https:\/\/www.minocha.fr\/index.php\/wp-json\/wp\/v2\/types\/product"}],"replies":[{"embeddable":true,"href":"https:\/\/www.minocha.fr\/index.php\/wp-json\/wp\/v2\/comments?post=970"}],"version-history":[{"count":8,"href":"https:\/\/www.minocha.fr\/index.php\/wp-json\/wp\/v2\/product\/970\/revisions"}],"predecessor-version":[{"id":2642,"href":"https:\/\/www.minocha.fr\/index.php\/wp-json\/wp\/v2\/product\/970\/revisions\/2642"}],"wp:featuredmedia":[{"embeddable":true,"href":"https:\/\/www.minocha.fr\/index.php\/wp-json\/wp\/v2\/media\/1527"}],"wp:attachment":[{"href":"https:\/\/www.minocha.fr\/index.php\/wp-json\/wp\/v2\/media?parent=970"}],"wp:term":[{"taxonomy":"product_brand","embeddable":true,"href":"https:\/\/www.minocha.fr\/index.php\/wp-json\/wp\/v2\/product_brand?post=970"},{"taxonomy":"product_cat","embeddable":true,"href":"https:\/\/www.minocha.fr\/index.php\/wp-json\/wp\/v2\/product_cat?post=970"},{"taxonomy":"product_tag","embeddable":true,"href":"https:\/\/www.minocha.fr\/index.php\/wp-json\/wp\/v2\/product_tag?post=970"}],"curies":[{"name":"wp","href":"https:\/\/api.w.org\/{rel}","templated":true}]}}